{"id":170,"date":"2023-12-22T08:41:50","date_gmt":"2023-12-22T11:41:50","guid":{"rendered":"https:\/\/felipeblog.com.br\/?page_id=170"},"modified":"2024-01-19T22:29:46","modified_gmt":"2024-01-20T01:29:46","slug":"sobreochille","status":"publish","type":"page","link":"https:\/\/felipeblog.com.br\/index.php\/sobreochille\/","title":{"rendered":"Blog Sobre o Chile"},"content":{"rendered":"\n<div class=\"wp-block-group has-cool-to-warm-spectrum-gradient-background has-background is-layout-constrained wp-container-core-group-is-layout-4b7c116e wp-block-group-is-layout-constrained\" style=\"border-width:1px;padding-top:8rem;padding-right:var(--wp--preset--spacing--70);padding-bottom:var(--wp--preset--spacing--40);padding-left:var(--wp--preset--spacing--80)\">\n<div class=\"wp-block-group is-layout-constrained wp-container-core-group-is-layout-35245a9c wp-block-group-is-layout-constrained\" style=\"margin-bottom:var(--wp--preset--spacing--70)\">\n<h1 class=\"wp-block-heading has-text-align-center has-heading-color-color has-text-color has-x-large-font-size\" style=\"font-style:normal;font-weight:500;line-height:1.2\">Como se preparar para viajar ao Chile !<\/h1>\n\n\n\n<p class=\"has-text-align-center has-foreground-color has-text-color\" style=\"line-height:1.7\">Viajar para o Chile \u00e9 se preparar para apreciar paisagens bel\u00edssimas, a cultura \u00fanica, a gastronomia e os vinhos mais que especiais. No entanto, antes de fazer as malas&#8230;<\/p>\n\n\n\n<div class=\"wp-block-buttons is-content-justification-center is-layout-flex wp-container-core-buttons-is-layout-ba9ea59f wp-block-buttons-is-layout-flex\" style=\"margin-top:var(--wp--preset--spacing--60)\">\n<div class=\"wp-block-button is-style-button-hover-secondary-bgcolor\"><a class=\"wp-block-button__link has-foregound-alt-color has-primary-background-color has-text-color has-background wp-element-button\" href=\"https:\/\/felipeblog.com.br\/index.php\/sobreochille\/como-se-preparar-para-a-viagem\/\" style=\"padding-top:var(--wp--preset--spacing--40);padding-right:var(--wp--preset--spacing--50);padding-bottom:var(--wp--preset--spacing--40);padding-left:var(--wp--preset--spacing--50)\">Ler mais !<\/a><\/div>\n<\/div>\n<\/div>\n\n\n\n<div class=\"wp-block-cover is-light has-custom-content-position is-position-top-center is-style-fotawp-cover-round-style has-xx-small-font-size\" style=\"min-height:422px;aspect-ratio:unset;\"><span aria-hidden=\"true\" class=\"wp-block-cover__background has-background-dim-0 has-background-dim\"><\/span><img fetchpriority=\"high\" decoding=\"async\" width=\"2560\" height=\"1707\" class=\"wp-block-cover__image-background wp-image-159\" alt=\"\" src=\"https:\/\/felipeblog.com.br\/wp-content\/uploads\/2023\/12\/IMG_0274-scaled.jpg\" data-object-fit=\"cover\" srcset=\"https:\/\/felipeblog.com.br\/wp-content\/uploads\/2023\/12\/IMG_0274-scaled.jpg 2560w, https:\/\/felipeblog.com.br\/wp-content\/uploads\/2023\/12\/IMG_0274-300x200.jpg 300w, https:\/\/felipeblog.com.br\/wp-content\/uploads\/2023\/12\/IMG_0274-1024x683.jpg 1024w, https:\/\/felipeblog.com.br\/wp-content\/uploads\/2023\/12\/IMG_0274-768x512.jpg 768w, https:\/\/felipeblog.com.br\/wp-content\/uploads\/2023\/12\/IMG_0274-1536x1024.jpg 1536w, https:\/\/felipeblog.com.br\/wp-content\/uploads\/2023\/12\/IMG_0274-2048x1365.jpg 2048w\" sizes=\"(max-width: 2560px) 100vw, 2560px\" \/><div class=\"wp-block-cover__inner-container is-layout-constrained wp-container-core-cover-is-layout-a532c3ae wp-block-cover-is-layout-constrained\">\n<p class=\"has-text-align-center has-large-font-size\"> <\/p>\n<\/div><\/div>\n<\/div>\n\n\n\n<div class=\"wp-block-group has-cool-to-warm-spectrum-gradient-background has-background is-layout-constrained wp-container-core-group-is-layout-4b7c116e wp-block-group-is-layout-constrained\" style=\"border-width:1px;padding-top:8rem;padding-right:var(--wp--preset--spacing--70);padding-bottom:var(--wp--preset--spacing--40);padding-left:var(--wp--preset--spacing--80)\">\n<div class=\"wp-block-group is-layout-constrained wp-container-core-group-is-layout-35245a9c wp-block-group-is-layout-constrained\" style=\"margin-bottom:var(--wp--preset--spacing--70)\">\n<h1 class=\"wp-block-heading has-text-align-center has-heading-color-color has-text-color has-x-large-font-size\" style=\"font-style:normal;font-weight:500;line-height:1.2\">Destinos para conhecer a neve !&nbsp;<\/h1>\n\n\n\n<p class=\"has-text-align-center has-foreground-color has-text-color\" style=\"line-height:1.7\">S\u00e3o tr\u00eas destinos prontos para quem quer aproveitar a temporada de neve (de junho a setembro) e esportes de inverno no Chile. Cada um desses lugares oferecem experi\u00eancias \u00fanicas&#8230;<\/p>\n\n\n\n<div class=\"wp-block-buttons is-content-justification-center is-layout-flex wp-container-core-buttons-is-layout-ba9ea59f wp-block-buttons-is-layout-flex\" style=\"margin-top:var(--wp--preset--spacing--60)\">\n<div class=\"wp-block-button is-style-button-hover-secondary-bgcolor\"><a class=\"wp-block-button__link has-foregound-alt-color has-primary-background-color has-text-color has-background wp-element-button\" href=\"https:\/\/felipeblog.com.br\/index.php\/sobreochille\/destinos-para-conhecer-a-neve\/\" style=\"padding-top:var(--wp--preset--spacing--40);padding-right:var(--wp--preset--spacing--50);padding-bottom:var(--wp--preset--spacing--40);padding-left:var(--wp--preset--spacing--50)\">Ler mais !<\/a><\/div>\n<\/div>\n<\/div>\n\n\n\n<div class=\"wp-block-cover is-light has-custom-content-position is-position-top-center is-style-fotawp-cover-round-style has-xx-small-font-size\" style=\"min-height:422px;aspect-ratio:unset;\"><span aria-hidden=\"true\" class=\"wp-block-cover__background has-background-dim-0 has-background-dim\"><\/span><img decoding=\"async\" width=\"2560\" height=\"1152\" class=\"wp-block-cover__image-background wp-image-142\" alt=\"\" src=\"https:\/\/felipeblog.com.br\/wp-content\/uploads\/2023\/12\/IMG_20220422_171453-scaled.jpg\" style=\"object-position:70% 46%\" data-object-fit=\"cover\" data-object-position=\"70% 46%\" srcset=\"https:\/\/felipeblog.com.br\/wp-content\/uploads\/2023\/12\/IMG_20220422_171453-scaled.jpg 2560w, https:\/\/felipeblog.com.br\/wp-content\/uploads\/2023\/12\/IMG_20220422_171453-300x135.jpg 300w, https:\/\/felipeblog.com.br\/wp-content\/uploads\/2023\/12\/IMG_20220422_171453-1024x461.jpg 1024w, https:\/\/felipeblog.com.br\/wp-content\/uploads\/2023\/12\/IMG_20220422_171453-768x346.jpg 768w, https:\/\/felipeblog.com.br\/wp-content\/uploads\/2023\/12\/IMG_20220422_171453-1536x691.jpg 1536w, https:\/\/felipeblog.com.br\/wp-content\/uploads\/2023\/12\/IMG_20220422_171453-2048x922.jpg 2048w\" sizes=\"(max-width: 2560px) 100vw, 2560px\" \/><div class=\"wp-block-cover__inner-container is-layout-constrained wp-container-core-cover-is-layout-a532c3ae wp-block-cover-is-layout-constrained\">\n<p class=\"has-text-align-center has-large-font-size\"> <\/p>\n<\/div><\/div>\n<\/div>\n\n\n\n<div class=\"wp-block-group has-cool-to-warm-spectrum-gradient-background has-background is-layout-constrained wp-container-core-group-is-layout-5ef7f9cc wp-block-group-is-layout-constrained\" style=\"border-width:1px;padding-top:8rem;padding-right:var(--wp--preset--spacing--70);padding-bottom:var(--wp--preset--spacing--40);padding-left:var(--wp--preset--spacing--80)\">\n<div class=\"wp-block-group is-layout-constrained wp-container-core-group-is-layout-35245a9c wp-block-group-is-layout-constrained\" style=\"margin-bottom:var(--wp--preset--spacing--70)\">\n<h2 class=\"wp-block-heading has-text-align-center has-heading-color-color has-text-color has-x-large-font-size\" style=\"font-style:normal;font-weight:500;line-height:1.2\">Contrate os passeios com anteced\u00eancia !<\/h2>\n\n\n\n<p class=\"has-text-align-center has-foreground-color has-text-color\" style=\"line-height:1.7\">Viajar com planejamento \u00e9 fazer uma viagem mais organizada, segura e sem frustra\u00e7\u00f5es. O Chile \u00e9 um destino tur\u00edstico popular&#8230;<\/p>\n\n\n\n<div class=\"wp-block-buttons is-content-justification-center is-layout-flex wp-container-core-buttons-is-layout-ba9ea59f wp-block-buttons-is-layout-flex\" style=\"margin-top:var(--wp--preset--spacing--60)\">\n<div class=\"wp-block-button is-style-button-hover-secondary-bgcolor\"><a class=\"wp-block-button__link has-foregound-alt-color has-primary-background-color has-text-color has-background wp-element-button\" href=\"https:\/\/felipeblog.com.br\/index.php\/sobreochille\/contrate-os-passeios-com-antecedencia\/\" style=\"padding-top:var(--wp--preset--spacing--40);padding-right:var(--wp--preset--spacing--50);padding-bottom:var(--wp--preset--spacing--40);padding-left:var(--wp--preset--spacing--50)\">Ler mais !<\/a><\/div>\n<\/div>\n<\/div>\n\n\n\n<div class=\"wp-block-cover is-light has-custom-content-position is-position-top-center is-style-fotawp-cover-round-style\" style=\"min-height:422px;aspect-ratio:unset;\"><span aria-hidden=\"true\" class=\"wp-block-cover__background has-background-dim-0 has-background-dim\"><\/span><img decoding=\"async\" width=\"2560\" height=\"1440\" class=\"wp-block-cover__image-background wp-image-114\" alt=\"\" src=\"https:\/\/felipeblog.com.br\/wp-content\/uploads\/2023\/12\/DJI_0438-scaled.jpg\" style=\"object-position:43% 76%\" data-object-fit=\"cover\" data-object-position=\"43% 76%\" srcset=\"https:\/\/felipeblog.com.br\/wp-content\/uploads\/2023\/12\/DJI_0438-scaled.jpg 2560w, https:\/\/felipeblog.com.br\/wp-content\/uploads\/2023\/12\/DJI_0438-300x169.jpg 300w, https:\/\/felipeblog.com.br\/wp-content\/uploads\/2023\/12\/DJI_0438-1024x576.jpg 1024w, https:\/\/felipeblog.com.br\/wp-content\/uploads\/2023\/12\/DJI_0438-768x432.jpg 768w, https:\/\/felipeblog.com.br\/wp-content\/uploads\/2023\/12\/DJI_0438-1536x864.jpg 1536w, https:\/\/felipeblog.com.br\/wp-content\/uploads\/2023\/12\/DJI_0438-2048x1152.jpg 2048w\" sizes=\"(max-width: 2560px) 100vw, 2560px\" \/><div class=\"wp-block-cover__inner-container is-layout-flow wp-block-cover-is-layout-flow\">\n<p class=\"has-text-align-center has-large-font-size\"> <\/p>\n<\/div><\/div>\n<\/div>\n\n\n\n<div class=\"wp-block-group has-cool-to-warm-spectrum-gradient-background has-background is-layout-constrained wp-container-core-group-is-layout-5ef7f9cc wp-block-group-is-layout-constrained\" style=\"border-width:1px;padding-top:8rem;padding-right:var(--wp--preset--spacing--70);padding-bottom:var(--wp--preset--spacing--40);padding-left:var(--wp--preset--spacing--80)\">\n<div class=\"wp-block-group is-layout-constrained wp-container-core-group-is-layout-35245a9c wp-block-group-is-layout-constrained\" style=\"margin-bottom:var(--wp--preset--spacing--70)\">\n<h1 class=\"wp-block-heading has-text-align-center has-heading-color-color has-text-color has-x-large-font-size\" style=\"font-style:normal;font-weight:500;line-height:1.2\">Chile conhecida pelos seus vinhos e boa gastronomia ! <\/h1>\n\n\n\n<p class=\"has-text-align-center has-foreground-color has-text-color\" style=\"line-height:1.7\">Santiago, no Chile, permite ao visitante apreciar uma variedade de sabores e influ\u00eancias culin\u00e1rias, tanto europeias quanto ind\u00edgenas. Al\u00e9m disso&#8230;<\/p>\n\n\n\n<div class=\"wp-block-buttons is-content-justification-center is-layout-flex wp-container-core-buttons-is-layout-ba9ea59f wp-block-buttons-is-layout-flex\" style=\"margin-top:var(--wp--preset--spacing--60)\">\n<div class=\"wp-block-button is-style-button-hover-secondary-bgcolor\"><a class=\"wp-block-button__link has-foregound-alt-color has-primary-background-color has-text-color has-background wp-element-button\" href=\"https:\/\/felipeblog.com.br\/index.php\/sobreochille\/seus-vinhos-e-boa-gastronomia\/\" style=\"padding-top:var(--wp--preset--spacing--40);padding-right:var(--wp--preset--spacing--50);padding-bottom:var(--wp--preset--spacing--40);padding-left:var(--wp--preset--spacing--50)\">Ler mais !<\/a><\/div>\n<\/div>\n<\/div>\n\n\n\n<div class=\"wp-block-cover is-light has-custom-content-position is-position-top-center is-style-fotawp-cover-round-style\" style=\"min-height:422px;aspect-ratio:unset;\"><span aria-hidden=\"true\" class=\"wp-block-cover__background has-background-dim-0 has-background-dim\"><\/span><img loading=\"lazy\" decoding=\"async\" width=\"2560\" height=\"1340\" class=\"wp-block-cover__image-background wp-image-16\" alt=\"\" src=\"https:\/\/felipeblog.com.br\/wp-content\/uploads\/2023\/12\/IMG_20220424_174522_363-scaled.jpg\" style=\"object-position:53% 75%\" data-object-fit=\"cover\" data-object-position=\"53% 75%\" srcset=\"https:\/\/felipeblog.com.br\/wp-content\/uploads\/2023\/12\/IMG_20220424_174522_363-scaled.jpg 2560w, https:\/\/felipeblog.com.br\/wp-content\/uploads\/2023\/12\/IMG_20220424_174522_363-300x157.jpg 300w, https:\/\/felipeblog.com.br\/wp-content\/uploads\/2023\/12\/IMG_20220424_174522_363-1024x536.jpg 1024w, https:\/\/felipeblog.com.br\/wp-content\/uploads\/2023\/12\/IMG_20220424_174522_363-768x402.jpg 768w, https:\/\/felipeblog.com.br\/wp-content\/uploads\/2023\/12\/IMG_20220424_174522_363-1536x804.jpg 1536w, https:\/\/felipeblog.com.br\/wp-content\/uploads\/2023\/12\/IMG_20220424_174522_363-2048x1072.jpg 2048w\" sizes=\"(max-width: 2560px) 100vw, 2560px\" \/><div class=\"wp-block-cover__inner-container is-layout-flow wp-block-cover-is-layout-flow\">\n<p class=\"has-text-align-center has-large-font-size\"> <\/p>\n<\/div><\/div>\n<\/div>\n\n\n\n<div class=\"wp-block-group has-cool-to-warm-spectrum-gradient-background has-background is-layout-constrained wp-container-core-group-is-layout-5ef7f9cc wp-block-group-is-layout-constrained\" style=\"border-width:1px;padding-top:8rem;padding-right:var(--wp--preset--spacing--70);padding-bottom:var(--wp--preset--spacing--40);padding-left:var(--wp--preset--spacing--80)\">\n<div class=\"wp-block-group is-layout-constrained wp-container-core-group-is-layout-35245a9c wp-block-group-is-layout-constrained\" style=\"margin-bottom:var(--wp--preset--spacing--70)\">\n<h1 class=\"wp-block-heading has-text-align-center has-heading-color-color has-text-color has-x-large-font-size\" style=\"font-style:normal;font-weight:500;line-height:1.2\">Porque o Chile \u00e9 querido pelos Brasileiros ?<\/h1>\n\n\n\n<p class=\"has-text-align-center has-foreground-color has-text-color\" style=\"line-height:1.7\">Com experi\u00eancias que agradam a todos os tipos de viajantes, o Chile \u00e9 um destino incr\u00edvel, que pode ser escolhido nas suas pr\u00f3ximas f\u00e9rias e tamb\u00e9m para viagens mais curtas, de uma semana, por exemplo&#8230;<\/p>\n\n\n\n<div class=\"wp-block-buttons is-content-justification-center is-layout-flex wp-container-core-buttons-is-layout-ba9ea59f wp-block-buttons-is-layout-flex\" style=\"margin-top:var(--wp--preset--spacing--60)\">\n<div class=\"wp-block-button is-style-button-hover-secondary-bgcolor\"><a class=\"wp-block-button__link has-foregound-alt-color has-primary-background-color has-text-color has-background wp-element-button\" href=\"https:\/\/felipeblog.com.br\/index.php\/sobreochille\/chile-querido-pelos-brasileiros\/\" style=\"padding-top:var(--wp--preset--spacing--40);padding-right:var(--wp--preset--spacing--50);padding-bottom:var(--wp--preset--spacing--40);padding-left:var(--wp--preset--spacing--50)\">Ler mais !<\/a><\/div>\n<\/div>\n<\/div>\n\n\n\n<div class=\"wp-block-cover is-light has-custom-content-position is-position-top-center is-style-fotawp-cover-round-style\" style=\"min-height:422px;aspect-ratio:unset;\"><span aria-hidden=\"true\" class=\"wp-block-cover__background has-background-dim-0 has-background-dim\"><\/span><img loading=\"lazy\" decoding=\"async\" width=\"2560\" height=\"1152\" class=\"wp-block-cover__image-background wp-image-145\" alt=\"\" src=\"https:\/\/felipeblog.com.br\/wp-content\/uploads\/2023\/12\/IMG_20220422_172220-scaled.jpg\" style=\"object-position:51% 58%\" data-object-fit=\"cover\" data-object-position=\"51% 58%\" srcset=\"https:\/\/felipeblog.com.br\/wp-content\/uploads\/2023\/12\/IMG_20220422_172220-scaled.jpg 2560w, https:\/\/felipeblog.com.br\/wp-content\/uploads\/2023\/12\/IMG_20220422_172220-300x135.jpg 300w, https:\/\/felipeblog.com.br\/wp-content\/uploads\/2023\/12\/IMG_20220422_172220-1024x461.jpg 1024w, https:\/\/felipeblog.com.br\/wp-content\/uploads\/2023\/12\/IMG_20220422_172220-768x346.jpg 768w, https:\/\/felipeblog.com.br\/wp-content\/uploads\/2023\/12\/IMG_20220422_172220-1536x691.jpg 1536w, https:\/\/felipeblog.com.br\/wp-content\/uploads\/2023\/12\/IMG_20220422_172220-2048x922.jpg 2048w\" sizes=\"(max-width: 2560px) 100vw, 2560px\" \/><div class=\"wp-block-cover__inner-container is-layout-flow wp-block-cover-is-layout-flow\">\n<p class=\"has-text-align-center has-large-font-size\"> <\/p>\n<\/div><\/div>\n<\/div>\n\n\n\n<div class=\"wp-block-group has-cool-to-warm-spectrum-gradient-background has-background is-layout-constrained wp-container-core-group-is-layout-5ef7f9cc wp-block-group-is-layout-constrained\" style=\"border-width:1px;padding-top:8rem;padding-right:var(--wp--preset--spacing--70);padding-bottom:var(--wp--preset--spacing--40);padding-left:var(--wp--preset--spacing--80)\">\n<div class=\"wp-block-group is-layout-constrained wp-container-core-group-is-layout-35245a9c wp-block-group-is-layout-constrained\" style=\"margin-bottom:var(--wp--preset--spacing--70)\">\n<h1 class=\"wp-block-heading has-text-align-center has-heading-color-color has-text-color has-x-large-font-size\" style=\"font-style:normal;font-weight:500;line-height:1.2\">Posso visitar o Chile em qualquer \u00e9poca do ano ?<\/h1>\n\n\n\n<p class=\"has-text-align-center\">O melhor per\u00edodo para visitar o pa\u00eds depende dos interesses e atividades que o visitante deseja realizar.<\/p>\n\n\n\n<p class=\"has-text-align-center\">Para quem quer conhecer as regi\u00f5es&#8230;<\/p>\n\n\n\n<div class=\"wp-block-buttons is-content-justification-center is-layout-flex wp-container-core-buttons-is-layout-ba9ea59f wp-block-buttons-is-layout-flex\" style=\"margin-top:var(--wp--preset--spacing--60)\">\n<div class=\"wp-block-button is-style-button-hover-secondary-bgcolor\"><a class=\"wp-block-button__link has-foregound-alt-color has-primary-background-color has-text-color has-background wp-element-button\" style=\"padding-top:var(--wp--preset--spacing--40);padding-right:var(--wp--preset--spacing--50);padding-bottom:var(--wp--preset--spacing--40);padding-left:var(--wp--preset--spacing--50)\">Ler mais !<\/a><\/div>\n<\/div>\n<\/div>\n\n\n\n<div class=\"wp-block-cover is-light has-custom-content-position is-position-top-center is-style-fotawp-cover-round-style\" style=\"min-height:422px;aspect-ratio:unset;\"><span aria-hidden=\"true\" class=\"wp-block-cover__background has-background-dim-0 has-background-dim\"><\/span><img loading=\"lazy\" decoding=\"async\" width=\"2560\" height=\"1707\" class=\"wp-block-cover__image-background wp-image-129\" alt=\"\" src=\"https:\/\/felipeblog.com.br\/wp-content\/uploads\/2023\/12\/DSC_0971-scaled.jpg\" style=\"object-position:25% 56%\" data-object-fit=\"cover\" data-object-position=\"25% 56%\" srcset=\"https:\/\/felipeblog.com.br\/wp-content\/uploads\/2023\/12\/DSC_0971-scaled.jpg 2560w, https:\/\/felipeblog.com.br\/wp-content\/uploads\/2023\/12\/DSC_0971-300x200.jpg 300w, https:\/\/felipeblog.com.br\/wp-content\/uploads\/2023\/12\/DSC_0971-1024x683.jpg 1024w, https:\/\/felipeblog.com.br\/wp-content\/uploads\/2023\/12\/DSC_0971-768x512.jpg 768w, https:\/\/felipeblog.com.br\/wp-content\/uploads\/2023\/12\/DSC_0971-1536x1024.jpg 1536w, https:\/\/felipeblog.com.br\/wp-content\/uploads\/2023\/12\/DSC_0971-2048x1365.jpg 2048w\" sizes=\"(max-width: 2560px) 100vw, 2560px\" \/><div class=\"wp-block-cover__inner-container is-layout-flow wp-block-cover-is-layout-flow\">\n<p class=\"has-text-align-center has-large-font-size\"> <\/p>\n<\/div><\/div>\n<\/div>\n\n\n\n<div class=\"wp-block-group has-cool-to-warm-spectrum-gradient-background has-background is-layout-constrained wp-container-core-group-is-layout-5ef7f9cc wp-block-group-is-layout-constrained\" style=\"border-width:1px;padding-top:8rem;padding-right:var(--wp--preset--spacing--70);padding-bottom:var(--wp--preset--spacing--40);padding-left:var(--wp--preset--spacing--80)\">\n<div class=\"wp-block-group is-layout-constrained wp-container-core-group-is-layout-35245a9c wp-block-group-is-layout-constrained\" style=\"margin-bottom:var(--wp--preset--spacing--70)\">\n<h1 class=\"wp-block-heading has-text-align-center has-heading-color-color has-text-color has-x-large-font-size\" style=\"font-style:normal;font-weight:500;line-height:1.2\">Estou com minha familia, o Chile continua sendo um bom destino ?<\/h1>\n\n\n\n<p>Atividades culturais e hist\u00f3ricas, boa gastronomia, divers\u00e3o e muita aventura. Santiago, capital do Chile, re\u00fane caracter\u00edsticas fundamentais para viagens em fam\u00edlia, com op\u00e7\u00f5es para todas as idades&#8230;<\/p>\n\n\n\n<div class=\"wp-block-buttons is-content-justification-center is-layout-flex wp-container-core-buttons-is-layout-ba9ea59f wp-block-buttons-is-layout-flex\" style=\"margin-top:var(--wp--preset--spacing--60)\">\n<div class=\"wp-block-button is-style-button-hover-secondary-bgcolor\"><a class=\"wp-block-button__link has-foregound-alt-color has-primary-background-color has-text-color has-background wp-element-button\" style=\"padding-top:var(--wp--preset--spacing--40);padding-right:var(--wp--preset--spacing--50);padding-bottom:var(--wp--preset--spacing--40);padding-left:var(--wp--preset--spacing--50)\">Ler mais !<\/a><\/div>\n<\/div>\n<\/div>\n\n\n\n<div class=\"wp-block-cover is-light has-custom-content-position is-position-top-center is-style-fotawp-cover-round-style\" style=\"min-height:422px;aspect-ratio:unset;\"><span aria-hidden=\"true\" class=\"wp-block-cover__background has-background-dim-0 has-background-dim\"><\/span><img loading=\"lazy\" decoding=\"async\" width=\"2560\" height=\"1152\" class=\"wp-block-cover__image-background wp-image-144\" alt=\"\" src=\"https:\/\/felipeblog.com.br\/wp-content\/uploads\/2023\/12\/IMG_20220422_164025-scaled.jpg\" style=\"object-position:29% 55%\" data-object-fit=\"cover\" data-object-position=\"29% 55%\" srcset=\"https:\/\/felipeblog.com.br\/wp-content\/uploads\/2023\/12\/IMG_20220422_164025-scaled.jpg 2560w, https:\/\/felipeblog.com.br\/wp-content\/uploads\/2023\/12\/IMG_20220422_164025-300x135.jpg 300w, https:\/\/felipeblog.com.br\/wp-content\/uploads\/2023\/12\/IMG_20220422_164025-1024x461.jpg 1024w, https:\/\/felipeblog.com.br\/wp-content\/uploads\/2023\/12\/IMG_20220422_164025-768x346.jpg 768w, https:\/\/felipeblog.com.br\/wp-content\/uploads\/2023\/12\/IMG_20220422_164025-1536x691.jpg 1536w, https:\/\/felipeblog.com.br\/wp-content\/uploads\/2023\/12\/IMG_20220422_164025-2048x922.jpg 2048w\" sizes=\"(max-width: 2560px) 100vw, 2560px\" \/><div class=\"wp-block-cover__inner-container is-layout-flow wp-block-cover-is-layout-flow\">\n<p class=\"has-text-align-center has-large-font-size\"> <\/p>\n<\/div><\/div>\n<\/div>\n","protected":false},"excerpt":{"rendered":"<p>Como se preparar para viajar ao Chile ! Viajar para o Chile \u00e9 se preparar para apreciar paisagens bel\u00edssimas, a cultura \u00fanica, a gastronomia e os vinhos mais que&#8230;<\/p>\n","protected":false},"author":1,"featured_media":0,"parent":0,"menu_order":0,"comment_status":"closed","ping_status":"closed","template":"","meta":{"_eb_attr":"","footnotes":""},"class_list":["post-170","page","type-page","status-publish","hentry"],"_links":{"self":[{"href":"https:\/\/felipeblog.com.br\/index.php\/wp-json\/wp\/v2\/pages\/170","targetHints":{"allow":["GET"]}}],"collection":[{"href":"https:\/\/felipeblog.com.br\/index.php\/wp-json\/wp\/v2\/pages"}],"about":[{"href":"https:\/\/felipeblog.com.br\/index.php\/wp-json\/wp\/v2\/types\/page"}],"author":[{"embeddable":true,"href":"https:\/\/felipeblog.com.br\/index.php\/wp-json\/wp\/v2\/users\/1"}],"replies":[{"embeddable":true,"href":"https:\/\/felipeblog.com.br\/index.php\/wp-json\/wp\/v2\/comments?post=170"}],"version-history":[{"count":32,"href":"https:\/\/felipeblog.com.br\/index.php\/wp-json\/wp\/v2\/pages\/170\/revisions"}],"predecessor-version":[{"id":461,"href":"https:\/\/felipeblog.com.br\/index.php\/wp-json\/wp\/v2\/pages\/170\/revisions\/461"}],"wp:attachment":[{"href":"https:\/\/felipeblog.com.br\/index.php\/wp-json\/wp\/v2\/media?parent=170"}],"curies":[{"name":"wp","href":"https:\/\/api.w.org\/{rel}","templated":true}]}}