{"id":351,"date":"2024-01-19T00:03:51","date_gmt":"2024-01-19T03:03:51","guid":{"rendered":"https:\/\/felipeblog.com.br\/?page_id=351"},"modified":"2024-01-19T22:23:46","modified_gmt":"2024-01-20T01:23:46","slug":"destinos-para-conhecer-a-neve","status":"publish","type":"page","link":"https:\/\/felipeblog.com.br\/index.php\/sobreochille\/destinos-para-conhecer-a-neve\/","title":{"rendered":"Destinos para conhecer a neve"},"content":{"rendered":"\n<div class=\"wp-block-group alignfull has-luminous-dusk-gradient-background has-background is-layout-flow wp-block-group-is-layout-flow\" style=\"border-width:1px\">\n<div class=\"wp-block-columns alignwide are-vertically-aligned-center is-layout-flex wp-container-core-columns-is-layout-28f84493 wp-block-columns-is-layout-flex\">\n<div class=\"wp-block-column is-layout-flow wp-block-column-is-layout-flow\" style=\"flex-basis:50%\"><\/div>\n\n\n\n<div class=\"wp-block-column is-layout-flow wp-block-column-is-layout-flow\" style=\"flex-basis:50%\">\n<hr class=\"wp-block-separator has-text-color has-css-opacity has-background is-style-wide\" style=\"background-color:#000000;color:#000000\"\/>\n<\/div>\n<\/div>\n\n\n\n<div class=\"wp-block-columns alignwide is-layout-flex wp-container-core-columns-is-layout-28f84493 wp-block-columns-is-layout-flex\">\n<div class=\"wp-block-column is-layout-flow wp-block-column-is-layout-flow\">\n<p class=\"has-text-align-left has-text-color\" style=\"color:#000000;font-size:30px;line-height:1.1\"><strong>Portillo, Valle Nevado e Farellones<\/strong><\/p>\n<\/div>\n\n\n\n<div class=\"wp-block-column is-layout-flow wp-block-column-is-layout-flow\">\n<p class=\"has-text-color has-extra-small-font-size\" style=\"color:#000000\">S\u00e3o tr\u00eas destinos prontos para quem quer aproveitar a temporada de neve (de junho a setembro) e esportes de inverno no Chile. Cada um desses lugares oferece experi\u00eancias \u00fanicas.<\/p>\n\n\n\n<p class=\"has-text-color has-extra-small-font-size\" style=\"color:#000000\">Uma das maiores e mais populares esta\u00e7\u00f5es de esqui do Chile, o Valle Nevado est\u00e1 a 60 quil\u00f4metros de Santiago, a capital chilena, \u00e9 de f\u00e1cil acesso para os visitantes. &nbsp;<\/p>\n<\/div>\n\n\n\n<div class=\"wp-block-column is-layout-flow wp-block-column-is-layout-flow\">\n<p class=\"has-text-color has-extra-small-font-size\" style=\"color:#000000\">A esta\u00e7\u00e3o oferece muitas pistas para todos os n\u00edveis, desde iniciantes at\u00e9 esquiadores avan\u00e7ados. Valle Nevado tamb\u00e9m possui uma infraestrutura moderna, incluindo hot\u00e9is, restaurantes e lojas de aluguel de equipamentos. Al\u00e9m de esquiar e praticar snowboard, \u00e9 poss\u00edvel desfrutar de outras atividades, como passeios de helic\u00f3ptero, caminhadas na neve e snowshoeing.<\/p>\n<\/div>\n<\/div>\n\n\n\n<div style=\"height:40px\" aria-hidden=\"true\" class=\"wp-block-spacer\"><\/div>\n<\/div>\n\n\n\n<div class=\"wp-block-columns alignfull is-layout-flex wp-container-core-columns-is-layout-28f84493 wp-block-columns-is-layout-flex\" style=\"border-width:1px\">\n<div class=\"wp-block-column is-layout-flow wp-block-column-is-layout-flow\" style=\"flex-basis:50%\">\n<div class=\"wp-block-cover is-light\" style=\"min-height:529px;aspect-ratio:unset;\"><span aria-hidden=\"true\" class=\"wp-block-cover__background has-background-dim-100 has-background-dim has-background-gradient has-cool-to-warm-spectrum-gradient-background\"><\/span><div class=\"wp-block-cover__inner-container is-layout-flow wp-block-cover-is-layout-flow\">\n<figure class=\"wp-block-image aligncenter size-full\"><img decoding=\"async\" src=\"https:\/\/felipeblog.com.br\/wp-content\/uploads\/2023\/12\/IMG_0129-1.heic\" alt=\"\" class=\"wp-image-135\"\/><\/figure>\n<\/div><\/div>\n<\/div>\n\n\n\n<div class=\"wp-block-column is-vertically-aligned-center is-layout-flow wp-block-column-is-layout-flow\" style=\"padding-top:1em;padding-right:1em;padding-bottom:1em;padding-left:1em\">\n<div class=\"wp-block-columns are-vertically-aligned-center is-layout-flex wp-container-core-columns-is-layout-28f84493 wp-block-columns-is-layout-flex\">\n<div class=\"wp-block-column is-vertically-aligned-center is-layout-flow wp-block-column-is-layout-flow\" style=\"flex-basis:320px\">\n<p class=\"has-text-align-left\">J\u00e1 Farellones \u00e9 uma vila de montanha localizada perto de Valle Nevado, a cerca de 36 quil\u00f4metros de Santiago. \u00c9 uma op\u00e7\u00e3o para os visitantes que desejam desfrutar da neve sem se dedicar exclusivamente aos esportes de inverno. &nbsp;<\/p>\n\n\n\n<p class=\"has-text-align-left\">Farellones oferece atividades como tubing (descida em boias na neve), tren\u00f3s, passeios de snowmobile e trilhas para caminhadas na neve. A vila tamb\u00e9m tem escolas de esqui e snowboard para quem deseja aprender ou aprimorar habilidades.<\/p>\n\n\n\n<p>Portillo \u00e9 uma esta\u00e7\u00e3o de esqui e resort nos Andes chilenos, pr\u00f3ximo \u00e0 fronteira com a Argentina. Est\u00e1 a 164 quil\u00f4metros de Santiago e \u00e9 conhecida por ter beleza natural deslumbrante e ambiente tranquilo. \u00c9 famosa por ter pistas desafiadoras e \u00e9 especialmente apreciado por esquiadores mais experientes.<\/p>\n\n\n\n<p>A esta\u00e7\u00e3o oferece uma variedade de pistas para diferentes n\u00edveis de habilidade, al\u00e9m de aulas de esqui e snowboard para iniciantes. O lago Inca, localizado nas proximidades, tamb\u00e9m \u00e9 atra\u00e7\u00e3o em Portillo. &nbsp;<\/p>\n\n\n\n<p><\/p>\n<\/div>\n<\/div>\n<\/div>\n<\/div>\n\n\n\n<div class=\"wp-block-group alignfull has-luminous-dusk-gradient-background has-background is-layout-flow wp-block-group-is-layout-flow\" style=\"border-width:1px\">\n<div class=\"wp-block-columns alignwide are-vertically-aligned-center is-layout-flex wp-container-core-columns-is-layout-28f84493 wp-block-columns-is-layout-flex\">\n<div class=\"wp-block-column is-layout-flow wp-block-column-is-layout-flow\" style=\"flex-basis:50%\">\n<hr class=\"wp-block-separator has-text-color has-css-opacity has-background is-style-wide\" style=\"background-color:#000000;color:#000000\"\/>\n<\/div>\n<\/div>\n\n\n\n<div class=\"wp-block-columns alignwide is-layout-flex wp-container-core-columns-is-layout-28f84493 wp-block-columns-is-layout-flex\">\n<div class=\"wp-block-column is-layout-flow wp-block-column-is-layout-flow\"><\/div>\n\n\n\n<div class=\"wp-block-column is-layout-flow wp-block-column-is-layout-flow\">\n<p class=\"has-text-color has-extra-small-font-size\" style=\"color:#000000\"><strong>Vestu\u00e1rio \u2013<\/strong>&nbsp;Para uma experi\u00eancia segura, \u00e9 essencial ter roupas adequadas para se manter aquecido. O turista deve levar em considera\u00e7\u00e3o camadas de vestu\u00e1rio, como blusas t\u00e9rmicas, casacos imperme\u00e1veis e corta-vento. Al\u00e9m disso, optar por levar cal\u00e7as e meias t\u00e9rmicas, al\u00e9m de luvas, gorros e cachec\u00f3is.<\/p>\n\n\n\n<p class=\"has-text-color has-extra-small-font-size\" style=\"color:#000000\">Para esportes de inverno, como esqui ou snowboard, \u00e9 importante usar equipamentos de prote\u00e7\u00e3o adequados. Geralmente, \u00e9 poss\u00edvel alugar nas esta\u00e7\u00f5es e at\u00e9 em alguns hot\u00e9is. .<\/p>\n<\/div>\n\n\n\n<div class=\"wp-block-column is-layout-flow wp-block-column-is-layout-flow\">\n<p class=\"has-text-color has-extra-small-font-size\" style=\"color:#000000\">S\u00e3o necess\u00e1rios capacete, \u00f3culos de prote\u00e7\u00e3o para neve, protetores labiais e protetor solar de alta prote\u00e7\u00e3o, pois o sol refletido na neve pode causar queimaduras<\/p>\n\n\n\n<p class=\"has-text-color has-extra-small-font-size\" style=\"color:#000000\">Botas imperme\u00e1veis e com isolamento t\u00e9rmico para manter os p\u00e9s secos e aquecidos na neve s\u00e3o essenciais.<\/p>\n\n\n\n<p class=\"has-text-color has-extra-small-font-size\" style=\"color:#000000\">Vale destacar que \u00e9 importante verificar as condi\u00e7\u00f5es clim\u00e1ticas e as previs\u00f5es antes da viagem, pois as condi\u00e7\u00f5es de neve podem variar.<\/p>\n<\/div>\n\n\n\n<div class=\"wp-block-column is-layout-flow wp-block-column-is-layout-flow\"><\/div>\n<\/div>\n\n\n\n<div style=\"height:40px\" aria-hidden=\"true\" class=\"wp-block-spacer\"><\/div>\n<\/div>\n\n\n\n<div class=\"wp-block-group has-cool-to-warm-spectrum-gradient-background has-background is-layout-constrained wp-container-core-group-is-layout-8a5293b0 wp-block-group-is-layout-constrained\" style=\"padding-top:var(--wp--preset--spacing--80);padding-right:var(--wp--preset--spacing--40);padding-bottom:var(--wp--preset--spacing--80);padding-left:var(--wp--preset--spacing--40)\">\n<div class=\"wp-block-columns are-vertically-aligned-center is-layout-flex wp-container-core-columns-is-layout-28f84493 wp-block-columns-is-layout-flex\">\n<div class=\"wp-block-column is-vertically-aligned-center is-layout-flow wp-block-column-is-layout-flow\" style=\"flex-basis:66.66%\">\n<h1 class=\"wp-block-heading has-text-align-left has-foregound-alt-color has-text-color has-xx-large-font-size\" style=\"font-style:normal;font-weight:500\">SAIBA tamb\u00e9m sobre contratar os passeios com anteced\u00eancia!<\/h1>\n\n\n\n<p class=\"has-text-align-left has-text-color\" style=\"color:#d7caea;line-height:1.7\">Viajar com planejamento \u00e9 fazer uma viagem mais organizada, segura e sem frustra\u00e7\u00f5es. O Chile \u00e9 um destino tur\u00edstico popular\u2026<\/p>\n<\/div>\n\n\n\n<div class=\"wp-block-column is-vertically-aligned-center is-layout-flow wp-block-column-is-layout-flow\" style=\"flex-basis:33.33%\">\n<div class=\"wp-block-buttons is-content-justification-right is-layout-flex wp-container-core-buttons-is-layout-938e48ea wp-block-buttons-is-layout-flex\" style=\"margin-top:var(--wp--preset--spacing--60)\">\n<div class=\"wp-block-button is-style-button-hover-secondary-bgcolor\"><a class=\"wp-block-button__link has-heading-color-color has-background-background-color has-text-color has-background wp-element-button\" href=\"https:\/\/felipeblog.com.br\/index.php\/sobreochille\/contrate-os-passeios-com-antecedencia\/\" style=\"padding-top:1.2rem;padding-right:var(--wp--preset--spacing--50);padding-bottom:1.2rem;padding-left:var(--wp--preset--spacing--50)\">Ler Sobre !<\/a><\/div>\n<\/div>\n<\/div>\n<\/div>\n<\/div>\n","protected":false},"excerpt":{"rendered":"<p>Portillo, Valle Nevado e Farellones S\u00e3o tr\u00eas destinos prontos para quem quer aproveitar a temporada de neve (de junho a setembro) e esportes de inverno no Chile. Cada um&#8230;<\/p>\n","protected":false},"author":1,"featured_media":0,"parent":170,"menu_order":0,"comment_status":"closed","ping_status":"closed","template":"","meta":{"_eb_attr":"","footnotes":""},"class_list":["post-351","page","type-page","status-publish","hentry"],"_links":{"self":[{"href":"https:\/\/felipeblog.com.br\/index.php\/wp-json\/wp\/v2\/pages\/351","targetHints":{"allow":["GET"]}}],"collection":[{"href":"https:\/\/felipeblog.com.br\/index.php\/wp-json\/wp\/v2\/pages"}],"about":[{"href":"https:\/\/felipeblog.com.br\/index.php\/wp-json\/wp\/v2\/types\/page"}],"author":[{"embeddable":true,"href":"https:\/\/felipeblog.com.br\/index.php\/wp-json\/wp\/v2\/users\/1"}],"replies":[{"embeddable":true,"href":"https:\/\/felipeblog.com.br\/index.php\/wp-json\/wp\/v2\/comments?post=351"}],"version-history":[{"count":14,"href":"https:\/\/felipeblog.com.br\/index.php\/wp-json\/wp\/v2\/pages\/351\/revisions"}],"predecessor-version":[{"id":453,"href":"https:\/\/felipeblog.com.br\/index.php\/wp-json\/wp\/v2\/pages\/351\/revisions\/453"}],"up":[{"embeddable":true,"href":"https:\/\/felipeblog.com.br\/index.php\/wp-json\/wp\/v2\/pages\/170"}],"wp:attachment":[{"href":"https:\/\/felipeblog.com.br\/index.php\/wp-json\/wp\/v2\/media?parent=351"}],"curies":[{"name":"wp","href":"https:\/\/api.w.org\/{rel}","templated":true}]}}