{"id":364,"date":"2024-01-19T10:08:35","date_gmt":"2024-01-19T13:08:35","guid":{"rendered":"https:\/\/felipeblog.com.br\/?page_id=364"},"modified":"2024-01-19T22:23:28","modified_gmt":"2024-01-20T01:23:28","slug":"contrate-os-passeios-com-antecedencia","status":"publish","type":"page","link":"https:\/\/felipeblog.com.br\/index.php\/sobreochille\/contrate-os-passeios-com-antecedencia\/","title":{"rendered":"Contrate com anteced\u00eancia"},"content":{"rendered":"\n<div class=\"wp-block-group alignfull has-luminous-dusk-gradient-background has-background is-layout-flow wp-block-group-is-layout-flow\" style=\"border-style:none;border-width:0px\">\n<div class=\"wp-block-columns alignwide are-vertically-aligned-center is-layout-flex wp-container-core-columns-is-layout-28f84493 wp-block-columns-is-layout-flex\">\n<div class=\"wp-block-column is-layout-flow wp-block-column-is-layout-flow\" style=\"flex-basis:50%\"><\/div>\n\n\n\n<div class=\"wp-block-column is-layout-flow wp-block-column-is-layout-flow\" style=\"flex-basis:50%\">\n<hr class=\"wp-block-separator has-text-color has-css-opacity has-background is-style-wide\" style=\"background-color:#000000;color:#000000\"\/>\n<\/div>\n<\/div>\n\n\n\n<div class=\"wp-block-columns alignwide is-layout-flex wp-container-core-columns-is-layout-28f84493 wp-block-columns-is-layout-flex\">\n<div class=\"wp-block-column is-layout-flow wp-block-column-is-layout-flow\">\n<p class=\"has-text-align-left has-text-color\" style=\"color:#000000;font-size:30px;line-height:1.1\"><strong>Viajar com planejamento<\/strong><\/p>\n<\/div>\n\n\n\n<div class=\"wp-block-column is-layout-flow wp-block-column-is-layout-flow\">\n<p class=\"has-text-color has-extra-small-font-size\" style=\"color:#000000\">\u00e9 fazer uma viagem mais organizada, segura e sem frustra\u00e7\u00f5es. O Chile \u00e9 um destino tur\u00edstico popular, especialmente em lugares como Santiago, Valpara\u00edso, Vi\u00f1a Del Mar, Atacama e Torres del Paine. Muitas vezes, as atra\u00e7\u00f5es tur\u00edsticas e atividades t\u00eam um n\u00famero limitado de vagas dispon\u00edveis.<\/p>\n<\/div>\n\n\n\n<div class=\"wp-block-column is-layout-flow wp-block-column-is-layout-flow\">\n<p class=\"has-text-color has-extra-small-font-size\" style=\"color:#000000\">Ao contratar passeios com anteced\u00eancia, o visitante garante o lugar e evita ficar sem op\u00e7\u00f5es quando chegar ao destino. Al\u00e9m disso, n\u00e3o perde tempo procurando e organizando atividades enquanto estiver no Chile.<\/p>\n<\/div>\n<\/div>\n\n\n\n<div style=\"height:40px\" aria-hidden=\"true\" class=\"wp-block-spacer\"><\/div>\n<\/div>\n\n\n\n<div class=\"wp-block-columns alignfull is-layout-flex wp-container-core-columns-is-layout-28f84493 wp-block-columns-is-layout-flex\" style=\"border-width:1px\">\n<div class=\"wp-block-column is-layout-flow wp-block-column-is-layout-flow\" style=\"flex-basis:50%\">\n<div class=\"wp-block-cover is-light\" style=\"min-height:529px;aspect-ratio:unset;\"><span aria-hidden=\"true\" class=\"wp-block-cover__background has-background-dim-100 has-background-dim has-background-gradient has-cool-to-warm-spectrum-gradient-background\"><\/span><div class=\"wp-block-cover__inner-container is-layout-flow wp-block-cover-is-layout-flow\">\n<figure class=\"wp-block-image aligncenter size-full\"><img decoding=\"async\" src=\"https:\/\/felipeblog.com.br\/wp-content\/uploads\/2023\/12\/IMG_0581.heic\" alt=\"\" class=\"wp-image-137\"\/><\/figure>\n<\/div><\/div>\n<\/div>\n\n\n\n<div class=\"wp-block-column is-vertically-aligned-center is-layout-flow wp-block-column-is-layout-flow\" style=\"padding-top:1em;padding-right:1em;padding-bottom:1em;padding-left:1em\">\n<div class=\"wp-block-columns are-vertically-aligned-center is-layout-flex wp-container-core-columns-is-layout-28f84493 wp-block-columns-is-layout-flex\">\n<div class=\"wp-block-column is-vertically-aligned-center is-layout-flow wp-block-column-is-layout-flow\" style=\"flex-basis:320px\">\n<p>Contratar passeios com empresas ou ag\u00eancias tur\u00edsticas renomadas tamb\u00e9m significa ter acesso informa\u00e7\u00f5es confi\u00e1veis \u200b\u200be precisas sobre os locais que visitar\u00e1. Isso ajuda a garantir uma experi\u00eancia de viagem mais tranquila, sem surpresas desagrad\u00e1veis.<\/p>\n\n\n\n<p>As empresas geralmente t\u00eam guias experientes e profissionais que conhecem bem os destinos e sabem como lidar com imprevistos. Al\u00e9m disso, elas t\u00eam protocolos de seguran\u00e7a estabelecidos para garantir o bem-estar dos turistas.<\/p>\n\n\n\n<p>Entre elas est\u00e1 a&nbsp;<strong>Aventura no Chile<\/strong>, fundada por um brasileiro e especializada em levar visitantes do Brasil para passeios inesquec\u00edveis no pa\u00eds. Entre os passeios realizados pela empresa est\u00e3o visitas a vin\u00edcolas, \u00e0s termas na regi\u00e3o de Santiago, Embalse El Yeso; Vi\u00f1a Del Mar e Valpara\u00edso; esta\u00e7\u00f5es de esqui e muito mais<\/p>\n<\/div>\n<\/div>\n<\/div>\n<\/div>\n\n\n\n<div class=\"wp-block-group has-cool-to-warm-spectrum-gradient-background has-background is-layout-constrained wp-container-core-group-is-layout-8a5293b0 wp-block-group-is-layout-constrained\" style=\"padding-top:var(--wp--preset--spacing--80);padding-right:var(--wp--preset--spacing--40);padding-bottom:var(--wp--preset--spacing--80);padding-left:var(--wp--preset--spacing--40)\">\n<div class=\"wp-block-columns are-vertically-aligned-center is-layout-flex wp-container-core-columns-is-layout-28f84493 wp-block-columns-is-layout-flex\">\n<div class=\"wp-block-column is-vertically-aligned-center is-layout-flow wp-block-column-is-layout-flow\" style=\"flex-basis:66.66%\">\n<h1 class=\"wp-block-heading has-text-align-left has-foregound-alt-color has-text-color has-xx-large-font-size\" style=\"font-style:normal;font-weight:500\">Chile conhecida pelos seus vinhos e boa gastronomia.&nbsp;<\/h1>\n\n\n\n<p class=\"has-text-align-left has-text-color\" style=\"color:#d7caea;line-height:1.7\">Santiago, no Chile, permite ao visitante apreciar uma variedade de sabores e influ\u00eancias culin\u00e1rias, tanto europeias quanto ind\u00edgenas. Al\u00e9m disso\u2026<\/p>\n<\/div>\n\n\n\n<div class=\"wp-block-column is-vertically-aligned-center is-layout-flow wp-block-column-is-layout-flow\" style=\"flex-basis:33.33%\">\n<div class=\"wp-block-buttons is-content-justification-right is-layout-flex wp-container-core-buttons-is-layout-938e48ea wp-block-buttons-is-layout-flex\" style=\"margin-top:var(--wp--preset--spacing--60)\">\n<div class=\"wp-block-button is-style-button-hover-secondary-bgcolor\"><a class=\"wp-block-button__link has-heading-color-color has-background-background-color has-text-color has-background wp-element-button\" href=\"https:\/\/felipeblog.com.br\/index.php\/sobreochille\/seus-vinhos-e-boa-gastronomia\/\" style=\"padding-top:1.2rem;padding-right:var(--wp--preset--spacing--50);padding-bottom:1.2rem;padding-left:var(--wp--preset--spacing--50)\">Ler Sobre !<\/a><\/div>\n<\/div>\n<\/div>\n<\/div>\n<\/div>\n","protected":false},"excerpt":{"rendered":"<p>Viajar com planejamento \u00e9 fazer uma viagem mais organizada, segura e sem frustra\u00e7\u00f5es. O Chile \u00e9 um destino tur\u00edstico popular, especialmente em lugares como Santiago, Valpara\u00edso, Vi\u00f1a Del Mar,&#8230;<\/p>\n","protected":false},"author":1,"featured_media":0,"parent":170,"menu_order":0,"comment_status":"closed","ping_status":"closed","template":"","meta":{"_eb_attr":"","footnotes":""},"class_list":["post-364","page","type-page","status-publish","hentry"],"_links":{"self":[{"href":"https:\/\/felipeblog.com.br\/index.php\/wp-json\/wp\/v2\/pages\/364","targetHints":{"allow":["GET"]}}],"collection":[{"href":"https:\/\/felipeblog.com.br\/index.php\/wp-json\/wp\/v2\/pages"}],"about":[{"href":"https:\/\/felipeblog.com.br\/index.php\/wp-json\/wp\/v2\/types\/page"}],"author":[{"embeddable":true,"href":"https:\/\/felipeblog.com.br\/index.php\/wp-json\/wp\/v2\/users\/1"}],"replies":[{"embeddable":true,"href":"https:\/\/felipeblog.com.br\/index.php\/wp-json\/wp\/v2\/comments?post=364"}],"version-history":[{"count":11,"href":"https:\/\/felipeblog.com.br\/index.php\/wp-json\/wp\/v2\/pages\/364\/revisions"}],"predecessor-version":[{"id":452,"href":"https:\/\/felipeblog.com.br\/index.php\/wp-json\/wp\/v2\/pages\/364\/revisions\/452"}],"up":[{"embeddable":true,"href":"https:\/\/felipeblog.com.br\/index.php\/wp-json\/wp\/v2\/pages\/170"}],"wp:attachment":[{"href":"https:\/\/felipeblog.com.br\/index.php\/wp-json\/wp\/v2\/media?parent=364"}],"curies":[{"name":"wp","href":"https:\/\/api.w.org\/{rel}","templated":true}]}}