{"id":372,"date":"2024-01-19T10:17:45","date_gmt":"2024-01-19T13:17:45","guid":{"rendered":"https:\/\/felipeblog.com.br\/?page_id=372"},"modified":"2024-01-19T22:28:11","modified_gmt":"2024-01-20T01:28:11","slug":"seus-vinhos-e-boa-gastronomia","status":"publish","type":"page","link":"https:\/\/felipeblog.com.br\/index.php\/sobreochille\/seus-vinhos-e-boa-gastronomia\/","title":{"rendered":"Seus vinhos e boa gastronomia"},"content":{"rendered":"\n<div class=\"wp-block-group alignfull has-luminous-dusk-gradient-background has-background is-layout-flow wp-block-group-is-layout-flow\" style=\"border-width:1px\">\n<div class=\"wp-block-columns alignwide are-vertically-aligned-center is-layout-flex wp-container-core-columns-is-layout-28f84493 wp-block-columns-is-layout-flex\">\n<div class=\"wp-block-column is-layout-flow wp-block-column-is-layout-flow\" style=\"flex-basis:50%\"><\/div>\n\n\n\n<div class=\"wp-block-column is-layout-flow wp-block-column-is-layout-flow\" style=\"flex-basis:50%\">\n<hr class=\"wp-block-separator has-text-color has-css-opacity has-background is-style-wide\" style=\"background-color:#000000;color:#000000\"\/>\n<\/div>\n<\/div>\n\n\n\n<div class=\"wp-block-columns alignwide is-layout-flex wp-container-core-columns-is-layout-28f84493 wp-block-columns-is-layout-flex\">\n<div class=\"wp-block-column is-layout-flow wp-block-column-is-layout-flow\">\n<p class=\"has-text-align-left has-text-color\" style=\"color:#000000;font-size:30px;line-height:1.1\"><strong>A capital do Chile \u00e9 conhecida pelos seus vinhos e boa gastronomia.<\/strong><\/p>\n<\/div>\n\n\n\n<div class=\"wp-block-column is-layout-flow wp-block-column-is-layout-flow\">\n<p class=\"has-text-color has-extra-small-font-size\" style=\"color:#000000\">E Santiago, no Chile, permite ao visitante apreciar uma variedade de sabores e influ\u00eancias culin\u00e1rias, tanto europeias quanto ind\u00edgenas. Al\u00e9m disso, tanto na cidade, quanto nos arredores, \u00e9 poss\u00edvel apreciar vinhos reconhecidos internacionalmente. &nbsp;<\/p>\n\n\n\n<p class=\"has-text-color has-extra-small-font-size\" style=\"color:#000000\"><\/p>\n<\/div>\n\n\n\n<div class=\"wp-block-column is-layout-flow wp-block-column-is-layout-flow\">\n<p class=\"has-text-color has-extra-small-font-size\" style=\"color:#000000\">A gastronomia chilena \u00e9 conhecida por pratos saborosos e ingredientes frescos. \u00c9 poss\u00edvel experimentar pratos tradicionais, como o \u201cPastel de Choclo\u201d (uma esp\u00e9cie de empad\u00e3o de milho com carne), \u201cCazuela\u201d (um ensopado de carne com legumes), \u201cEmpanadas\u201d (pasteis assados ou fritos recheados com carne, queijo ou mariscos) e \u201cChorillana\u201d (batatas fritas com carne, cebola e ovos). N\u00e3o deixe de provar tamb\u00e9m os frutos do mar frescos, como o \u201cCeviche\u201d e a \u201cMerluza austral\u201d.<\/p>\n<\/div>\n<\/div>\n<\/div>\n\n\n\n<div class=\"wp-block-columns alignfull is-layout-flex wp-container-core-columns-is-layout-28f84493 wp-block-columns-is-layout-flex\" style=\"border-width:1px\">\n<div class=\"wp-block-column is-layout-flow wp-block-column-is-layout-flow\" style=\"flex-basis:50%\">\n<div class=\"wp-block-cover is-light\" style=\"min-height:529px;aspect-ratio:unset;\"><span aria-hidden=\"true\" class=\"wp-block-cover__background has-background-dim-100 has-background-dim has-background-gradient has-cool-to-warm-spectrum-gradient-background\"><\/span><div class=\"wp-block-cover__inner-container is-layout-flow wp-block-cover-is-layout-flow\">\n<figure class=\"wp-block-image aligncenter size-full\"><img decoding=\"async\" src=\"https:\/\/felipeblog.com.br\/wp-content\/uploads\/2023\/12\/IMG_0129-1.heic\" alt=\"\" class=\"wp-image-135\"\/><\/figure>\n<\/div><\/div>\n<\/div>\n\n\n\n<div class=\"wp-block-column is-vertically-aligned-center is-layout-flow wp-block-column-is-layout-flow\" style=\"padding-top:1em;padding-right:1em;padding-bottom:1em;padding-left:1em\">\n<div class=\"wp-block-columns are-vertically-aligned-center is-layout-flex wp-container-core-columns-is-layout-28f84493 wp-block-columns-is-layout-flex\">\n<div class=\"wp-block-column is-vertically-aligned-center is-layout-flow wp-block-column-is-layout-flow\" style=\"flex-basis:320px\">\n<p>O Mercado Central de Santiago, um dos mais famosos do Chile, \u00e9 ideal para quem quer experimentar frutos do mar frescos e pratos t\u00edpicos. A Feira La Vega Central \u00e9 outro local popular, onde o visitante encontrar\u00e1 uma variedade de produtos frescos, como frutas, verduras, queijos e embutidos.<\/p>\n\n\n\n<p>A cidade oferece variedades de restaurantes que atendem a todos os gostos e or\u00e7amentos. \u00c9 poss\u00edvel encontrar locais sofisticados com chefs renomados at\u00e9 os informais que servem comida de rua chilena. Os bairros Lastarria, Bairro Italia, Bellavista e Vitacura s\u00e3o conhecidos por terem uma \u00f3tima sele\u00e7\u00e3o de restaurantes.<\/p>\n\n\n\n<p><strong>Vinhos \u2013<\/strong>&nbsp;Santiago est\u00e1 cercada por algumas das melhores vin\u00edcolas do Chile. No Vale de Maipo, existem lugares imperd\u00edveis como Concha y Toro e a Santa Rita. Ambas est\u00e3o a uma curta dist\u00e2ncia da cidade e oferecem visitas guiadas e degusta\u00e7\u00f5es de vinhos. \u00c9 poss\u00edvel sobre a produ\u00e7\u00e3o de vinho chileno e provar bebidas premiadas. &nbsp;<\/p>\n\n\n\n<p><\/p>\n<\/div>\n<\/div>\n<\/div>\n<\/div>\n\n\n\n<div class=\"wp-block-group alignfull has-luminous-dusk-gradient-background has-background is-layout-flow wp-block-group-is-layout-flow\" style=\"border-width:1px\">\n<div class=\"wp-block-columns alignwide are-vertically-aligned-center is-layout-flex wp-container-core-columns-is-layout-28f84493 wp-block-columns-is-layout-flex\">\n<div class=\"wp-block-column is-layout-flow wp-block-column-is-layout-flow\" style=\"flex-basis:50%\">\n<hr class=\"wp-block-separator has-text-color has-css-opacity has-background is-style-wide\" style=\"background-color:#000000;color:#000000\"\/>\n<\/div>\n<\/div>\n\n\n\n<div class=\"wp-block-columns alignwide is-layout-flex wp-container-core-columns-is-layout-28f84493 wp-block-columns-is-layout-flex\">\n<div class=\"wp-block-column is-layout-flow wp-block-column-is-layout-flow\"><\/div>\n\n\n\n<div class=\"wp-block-column is-layout-flow wp-block-column-is-layout-flow\">\n<p class=\"has-text-color has-extra-small-font-size\" style=\"color:#000000\"><strong>Aproveite<\/strong>! O Chile \u00e9 famoso pela produ\u00e7\u00e3o de vinhos de alta qualidade. Experimente os tintos, como Cabernet Sauvignon, Carm\u00e9n\u00e8re e Syrah, e os vinhos brancos, como Sauvignon Blanc e Chardonnay.<\/p>\n<\/div>\n\n\n\n<div class=\"wp-block-column is-layout-flow wp-block-column-is-layout-flow\">\n<p class=\"has-text-color has-extra-small-font-size\" style=\"color:#000000\">Os bairros Vitacura e Providencia, em Santiago, s\u00e3o conhecidos por terem uma \u00f3tima sele\u00e7\u00e3o de bares de vinhos e lojas especializadas. Vale explorar e conversar com especialistas em vinhos locais.<\/p>\n<\/div>\n\n\n\n<div class=\"wp-block-column is-layout-flow wp-block-column-is-layout-flow\"><\/div>\n<\/div>\n<\/div>\n\n\n\n<div class=\"wp-block-group has-cool-to-warm-spectrum-gradient-background has-background is-layout-constrained wp-container-core-group-is-layout-8a5293b0 wp-block-group-is-layout-constrained\" style=\"padding-top:var(--wp--preset--spacing--80);padding-right:var(--wp--preset--spacing--40);padding-bottom:var(--wp--preset--spacing--80);padding-left:var(--wp--preset--spacing--40)\">\n<div class=\"wp-block-columns are-vertically-aligned-center is-layout-flex wp-container-core-columns-is-layout-28f84493 wp-block-columns-is-layout-flex\">\n<div class=\"wp-block-column is-vertically-aligned-center is-layout-flow wp-block-column-is-layout-flow\" style=\"flex-basis:66.66%\">\n<h1 class=\"wp-block-heading has-text-align-left has-foregound-alt-color has-text-color has-xx-large-font-size\" style=\"font-style:normal;font-weight:500\">SAIBA o que n\u00e3o esquecer na hora de programar sua viagem !<\/h1>\n\n\n\n<p class=\"has-text-align-left has-text-color\" style=\"color:#d7caea;line-height:1.7\">O visitante precisa se organizar e ficar atento a algumas informa\u00e7\u00f5es essenciais para entrar no Pa\u00eds&#8230;<\/p>\n<\/div>\n\n\n\n<div class=\"wp-block-column is-vertically-aligned-center is-layout-flow wp-block-column-is-layout-flow\" style=\"flex-basis:33.33%\">\n<div class=\"wp-block-buttons is-content-justification-right is-layout-flex wp-container-core-buttons-is-layout-938e48ea wp-block-buttons-is-layout-flex\" style=\"margin-top:var(--wp--preset--spacing--60)\">\n<div class=\"wp-block-button is-style-button-hover-secondary-bgcolor\"><a class=\"wp-block-button__link has-heading-color-color has-background-background-color has-text-color has-background wp-element-button\" href=\"https:\/\/felipeblog.com.br\/index.php\/sobreochille\/como-se-preparar-para-a-viagem\/\" style=\"padding-top:1.2rem;padding-right:var(--wp--preset--spacing--50);padding-bottom:1.2rem;padding-left:var(--wp--preset--spacing--50)\">Ler Sobre !<\/a><\/div>\n<\/div>\n<\/div>\n<\/div>\n<\/div>\n","protected":false},"excerpt":{"rendered":"<p>A capital do Chile \u00e9 conhecida pelos seus vinhos e boa gastronomia. E Santiago, no Chile, permite ao visitante apreciar uma variedade de sabores e influ\u00eancias culin\u00e1rias, tanto europeias&#8230;<\/p>\n","protected":false},"author":1,"featured_media":0,"parent":170,"menu_order":0,"comment_status":"closed","ping_status":"closed","template":"","meta":{"_eb_attr":"","footnotes":""},"class_list":["post-372","page","type-page","status-publish","hentry"],"_links":{"self":[{"href":"https:\/\/felipeblog.com.br\/index.php\/wp-json\/wp\/v2\/pages\/372","targetHints":{"allow":["GET"]}}],"collection":[{"href":"https:\/\/felipeblog.com.br\/index.php\/wp-json\/wp\/v2\/pages"}],"about":[{"href":"https:\/\/felipeblog.com.br\/index.php\/wp-json\/wp\/v2\/types\/page"}],"author":[{"embeddable":true,"href":"https:\/\/felipeblog.com.br\/index.php\/wp-json\/wp\/v2\/users\/1"}],"replies":[{"embeddable":true,"href":"https:\/\/felipeblog.com.br\/index.php\/wp-json\/wp\/v2\/comments?post=372"}],"version-history":[{"count":15,"href":"https:\/\/felipeblog.com.br\/index.php\/wp-json\/wp\/v2\/pages\/372\/revisions"}],"predecessor-version":[{"id":460,"href":"https:\/\/felipeblog.com.br\/index.php\/wp-json\/wp\/v2\/pages\/372\/revisions\/460"}],"up":[{"embeddable":true,"href":"https:\/\/felipeblog.com.br\/index.php\/wp-json\/wp\/v2\/pages\/170"}],"wp:attachment":[{"href":"https:\/\/felipeblog.com.br\/index.php\/wp-json\/wp\/v2\/media?parent=372"}],"curies":[{"name":"wp","href":"https:\/\/api.w.org\/{rel}","templated":true}]}}