{"id":383,"date":"2024-01-19T10:24:02","date_gmt":"2024-01-19T13:24:02","guid":{"rendered":"https:\/\/felipeblog.com.br\/?page_id=383"},"modified":"2024-01-19T22:21:34","modified_gmt":"2024-01-20T01:21:34","slug":"chile-querido-pelos-brasileiros","status":"publish","type":"page","link":"https:\/\/felipeblog.com.br\/index.php\/sobreochille\/chile-querido-pelos-brasileiros\/","title":{"rendered":"Chile querido pelos Brasileiros"},"content":{"rendered":"\n<div class=\"wp-block-group alignfull is-style-default has-luminous-dusk-gradient-background has-background is-layout-flow wp-block-group-is-layout-flow\" style=\"border-width:1px\">\n<div class=\"wp-block-columns alignwide are-vertically-aligned-center is-layout-flex wp-container-core-columns-is-layout-28f84493 wp-block-columns-is-layout-flex\">\n<div class=\"wp-block-column is-layout-flow wp-block-column-is-layout-flow\" style=\"flex-basis:50%\"><\/div>\n\n\n\n<div class=\"wp-block-column is-layout-flow wp-block-column-is-layout-flow\"><\/div>\n\n\n\n<div class=\"wp-block-column is-layout-flow wp-block-column-is-layout-flow\" style=\"flex-basis:50%\">\n<hr class=\"wp-block-separator has-text-color has-css-opacity has-background is-style-wide\" style=\"background-color:#000000;color:#000000\"\/>\n<\/div>\n<\/div>\n\n\n\n<div class=\"wp-block-columns alignwide is-layout-flex wp-container-core-columns-is-layout-28f84493 wp-block-columns-is-layout-flex\">\n<div class=\"wp-block-column is-layout-flow wp-block-column-is-layout-flow\">\n<p class=\"has-text-align-left has-text-color\" style=\"color:#000000;font-size:30px;line-height:1.1\"><strong>Com experi\u00eancias que agradam<\/strong><\/p>\n<\/div>\n\n\n\n<div class=\"wp-block-column is-layout-flow wp-block-column-is-layout-flow\">\n<p class=\"has-text-color has-extra-small-font-size\" style=\"color:#000000\">a todos os tipos de viajantes, o Chile \u00e9 um destino incr\u00edvel, que pode ser escolhido nas suas pr\u00f3ximas f\u00e9rias e tamb\u00e9m para viagens mais curtas, de uma semana, por exemplo. Embora n\u00e3o fa\u00e7a fronteira com o Brasil, em poucas horas de viagem \u00e9 poss\u00edvel explorar cidades lindas, com museus, vulc\u00f5es, lagos, praias, florestas, ilhas e muito mais. S\u00e3o paisagens e passeios para todos os gostos.<\/p>\n<\/div>\n\n\n\n<div class=\"wp-block-column is-layout-flow wp-block-column-is-layout-flow\">\n<p class=\"has-text-color has-extra-small-font-size\" style=\"color:#000000\">Os chilenos s\u00e3o conhecidos pela hospitalidade e cordialidade. O pa\u00eds \u00e9 considerado seguro e com infraestrutura tur\u00edstica bem desenvolvida, com uma ampla gama de servi\u00e7os e comodidades para quem visita.<\/p>\n<\/div>\n<\/div>\n\n\n\n<div style=\"height:40px\" aria-hidden=\"true\" class=\"wp-block-spacer\"><\/div>\n<\/div>\n\n\n\n<div class=\"wp-block-columns alignfull is-layout-flex wp-container-core-columns-is-layout-28f84493 wp-block-columns-is-layout-flex\" style=\"border-width:1px\">\n<div class=\"wp-block-column is-layout-flow wp-block-column-is-layout-flow\" style=\"flex-basis:50%\">\n<div class=\"wp-block-cover is-light\" style=\"min-height:529px;aspect-ratio:unset;\"><span aria-hidden=\"true\" class=\"wp-block-cover__background has-background-dim-100 has-background-dim has-background-gradient has-cool-to-warm-spectrum-gradient-background\"><\/span><div class=\"wp-block-cover__inner-container is-layout-flow wp-block-cover-is-layout-flow\">\n<figure class=\"wp-block-image aligncenter size-full\"><img fetchpriority=\"high\" decoding=\"async\" width=\"2560\" height=\"1707\" src=\"https:\/\/felipeblog.com.br\/wp-content\/uploads\/2023\/12\/IMG_0723-scaled.jpg\" alt=\"\" class=\"wp-image-122\" srcset=\"https:\/\/felipeblog.com.br\/wp-content\/uploads\/2023\/12\/IMG_0723-scaled.jpg 2560w, https:\/\/felipeblog.com.br\/wp-content\/uploads\/2023\/12\/IMG_0723-300x200.jpg 300w, https:\/\/felipeblog.com.br\/wp-content\/uploads\/2023\/12\/IMG_0723-1024x683.jpg 1024w, https:\/\/felipeblog.com.br\/wp-content\/uploads\/2023\/12\/IMG_0723-768x512.jpg 768w, https:\/\/felipeblog.com.br\/wp-content\/uploads\/2023\/12\/IMG_0723-1536x1024.jpg 1536w, https:\/\/felipeblog.com.br\/wp-content\/uploads\/2023\/12\/IMG_0723-2048x1365.jpg 2048w\" sizes=\"(max-width: 2560px) 100vw, 2560px\" \/><\/figure>\n<\/div><\/div>\n<\/div>\n\n\n\n<div class=\"wp-block-column is-vertically-aligned-center is-layout-flow wp-block-column-is-layout-flow\" style=\"padding-top:1em;padding-right:1em;padding-bottom:1em;padding-left:1em\">\n<div class=\"wp-block-columns are-vertically-aligned-center is-layout-flex wp-container-core-columns-is-layout-28f84493 wp-block-columns-is-layout-flex\">\n<div class=\"wp-block-column is-vertically-aligned-center is-layout-flow wp-block-column-is-layout-flow\" style=\"flex-basis:320px\">\n<p>As cidades t\u00eam hot\u00e9is de alta qualidade, restaurantes, transportes eficientes e uma rede de turismo estabelecida. Isso facilita a organiza\u00e7\u00e3o de sua viagem e garante uma estadia confort\u00e1vel. Al\u00e9m disso, h\u00e1 empresas especializadas, como a Aventura no Chile (NOME COM HIPERLINK PARA O SITE), pronta para atender turistas dispostos a conhecer as belezas da regi\u00e3o de Santiago.<\/p>\n\n\n\n<p><strong>O que explorar \u2013<\/strong>&nbsp;quem \u00e9 f\u00e3 de atividades ao ar livre e aventura, tem op\u00e7\u00f5es dos mais variados n\u00edveis de habilidade e interesse para caminhadas em trilhas pelo Parque Nacional Torres del Paine; esqui nos Andes; rafting em rios selvagens; surfe nas praias do Pac\u00edfico e muito mais.<\/p>\n\n\n\n<p>O Chile \u00e9 tamb\u00e9m um para\u00edso para quem ama apreciar bons vinhos e gastronomia. As regi\u00f5es vin\u00edcolas chilenas produzem vinhos reconhecidos mundialmente. Nas visitas, \u00e9 poss\u00edvel fazer degusta\u00e7\u00f5es e aprender sobre o processo de produ\u00e7\u00e3o. Al\u00e9m disso, a culin\u00e1ria chilena \u00e9 rica em sabores e influ\u00eancias, com pratos tradicionais como o famoso \u201casado\u201d (churrasco) e frutos do mar frescos.<\/p>\n\n\n\n<p><\/p>\n<\/div>\n<\/div>\n<\/div>\n<\/div>\n\n\n\n<div class=\"wp-block-group has-cool-to-warm-spectrum-gradient-background has-background is-layout-constrained wp-container-core-group-is-layout-8a5293b0 wp-block-group-is-layout-constrained\" style=\"padding-top:var(--wp--preset--spacing--80);padding-right:var(--wp--preset--spacing--40);padding-bottom:var(--wp--preset--spacing--80);padding-left:var(--wp--preset--spacing--40)\">\n<div class=\"wp-block-columns are-vertically-aligned-center is-layout-flex wp-container-core-columns-is-layout-28f84493 wp-block-columns-is-layout-flex\">\n<div class=\"wp-block-column is-vertically-aligned-center is-layout-flow wp-block-column-is-layout-flow\" style=\"flex-basis:66.66%\">\n<h1 class=\"wp-block-heading has-text-align-left has-foregound-alt-color has-text-color has-xx-large-font-size\" style=\"font-style:normal;font-weight:500\">SAIBA sobre as \u00e9pocas do ano para  visitar o Chile !<\/h1>\n\n\n\n<p>O melhor per\u00edodo para visitar o pa\u00eds depende dos interesses e atividades que o visitante deseja realizar. Para quem quer conhecer as regi\u00f5es\u2026<\/p>\n<\/div>\n\n\n\n<div class=\"wp-block-column is-vertically-aligned-center is-layout-flow wp-block-column-is-layout-flow\" style=\"flex-basis:33.33%\">\n<div class=\"wp-block-buttons is-content-justification-right is-layout-flex wp-container-core-buttons-is-layout-938e48ea wp-block-buttons-is-layout-flex\" style=\"margin-top:var(--wp--preset--spacing--60)\">\n<div class=\"wp-block-button is-style-button-hover-secondary-bgcolor\"><a class=\"wp-block-button__link has-heading-color-color has-background-background-color has-text-color has-background wp-element-button\" href=\"https:\/\/felipeblog.com.br\/index.php\/sobreochille\/epocas-para-visitar-o-chile\/\" style=\"padding-top:1.2rem;padding-right:var(--wp--preset--spacing--50);padding-bottom:1.2rem;padding-left:var(--wp--preset--spacing--50)\">Ler Sobre !<\/a><\/div>\n<\/div>\n<\/div>\n<\/div>\n<\/div>\n","protected":false},"excerpt":{"rendered":"<p>Com experi\u00eancias que agradam a todos os tipos de viajantes, o Chile \u00e9 um destino incr\u00edvel, que pode ser escolhido nas suas pr\u00f3ximas f\u00e9rias e tamb\u00e9m para viagens mais&#8230;<\/p>\n","protected":false},"author":1,"featured_media":0,"parent":170,"menu_order":0,"comment_status":"closed","ping_status":"closed","template":"","meta":{"_eb_attr":"","footnotes":""},"class_list":["post-383","page","type-page","status-publish","hentry"],"_links":{"self":[{"href":"https:\/\/felipeblog.com.br\/index.php\/wp-json\/wp\/v2\/pages\/383","targetHints":{"allow":["GET"]}}],"collection":[{"href":"https:\/\/felipeblog.com.br\/index.php\/wp-json\/wp\/v2\/pages"}],"about":[{"href":"https:\/\/felipeblog.com.br\/index.php\/wp-json\/wp\/v2\/types\/page"}],"author":[{"embeddable":true,"href":"https:\/\/felipeblog.com.br\/index.php\/wp-json\/wp\/v2\/users\/1"}],"replies":[{"embeddable":true,"href":"https:\/\/felipeblog.com.br\/index.php\/wp-json\/wp\/v2\/comments?post=383"}],"version-history":[{"count":13,"href":"https:\/\/felipeblog.com.br\/index.php\/wp-json\/wp\/v2\/pages\/383\/revisions"}],"predecessor-version":[{"id":450,"href":"https:\/\/felipeblog.com.br\/index.php\/wp-json\/wp\/v2\/pages\/383\/revisions\/450"}],"up":[{"embeddable":true,"href":"https:\/\/felipeblog.com.br\/index.php\/wp-json\/wp\/v2\/pages\/170"}],"wp:attachment":[{"href":"https:\/\/felipeblog.com.br\/index.php\/wp-json\/wp\/v2\/media?parent=383"}],"curies":[{"name":"wp","href":"https:\/\/api.w.org\/{rel}","templated":true}]}}