{"id":404,"date":"2024-01-19T10:54:30","date_gmt":"2024-01-19T13:54:30","guid":{"rendered":"https:\/\/felipeblog.com.br\/?page_id=404"},"modified":"2024-01-19T22:24:00","modified_gmt":"2024-01-20T01:24:00","slug":"epocas-para-visitar-o-chile","status":"publish","type":"page","link":"https:\/\/felipeblog.com.br\/index.php\/sobreochille\/epocas-para-visitar-o-chile\/","title":{"rendered":"\u00c9pocas para visitar o Chile"},"content":{"rendered":"\n<div class=\"wp-block-group alignfull has-luminous-dusk-gradient-background has-background is-layout-flow wp-block-group-is-layout-flow\" style=\"border-width:1px\">\n<div class=\"wp-block-columns alignwide are-vertically-aligned-center is-layout-flex wp-container-core-columns-is-layout-28f84493 wp-block-columns-is-layout-flex\">\n<div class=\"wp-block-column is-layout-flow wp-block-column-is-layout-flow\" style=\"flex-basis:50%\"><\/div>\n\n\n\n<div class=\"wp-block-column is-layout-flow wp-block-column-is-layout-flow\" style=\"flex-basis:50%\">\n<hr class=\"wp-block-separator has-text-color has-css-opacity has-background is-style-wide\" style=\"background-color:#000000;color:#000000\"\/>\n<\/div>\n<\/div>\n\n\n\n<div class=\"wp-block-columns alignwide is-layout-flex wp-container-core-columns-is-layout-28f84493 wp-block-columns-is-layout-flex\">\n<div class=\"wp-block-column is-layout-flow wp-block-column-is-layout-flow\">\n<p class=\"has-text-align-left has-text-color\" style=\"color:#000000;font-size:30px;line-height:1.1\"><strong>Ir para o Chile \u00e9 mergulhar em experi\u00eancias tur\u00edsticas<\/strong><\/p>\n<\/div>\n\n\n\n<div class=\"wp-block-column is-layout-flow wp-block-column-is-layout-flow\">\n<p class=\"has-text-color has-extra-small-font-size\" style=\"color:#000000\">que v\u00e3o desde a pr\u00e1tica de esportes de inverno at\u00e9 a explora\u00e7\u00e3o do deserto mais \u00e1rido do mundo, o Atacama.&nbsp; Por isso, o melhor per\u00edodo para visitar o pa\u00eds depende dos interesses e atividades que o visitante deseja realizar.<\/p>\n<\/div>\n\n\n\n<div class=\"wp-block-column is-layout-flow wp-block-column-is-layout-flow\">\n<p class=\"has-text-color has-extra-small-font-size\" style=\"color:#000000\">Para quem quer conhecer as regi\u00f5es ao sul do Chile, como a Patag\u00f4nia e a Terra do Fogo, \u00e9 recomend\u00e1vel ir ao pa\u00eds durante a primavera e o ver\u00e3o (de setembro a mar\u00e7o). Nessa \u00e9poca, o clima \u00e9 mais agrad\u00e1vel e temperaturas mais amenas, o que permite que os viajantes realizem caminhadas e outras atividades ao ar livre com mais conforto.<\/p>\n<\/div>\n<\/div>\n\n\n\n<div style=\"height:40px\" aria-hidden=\"true\" class=\"wp-block-spacer\"><\/div>\n<\/div>\n\n\n\n<div class=\"wp-block-columns alignfull is-layout-flex wp-container-core-columns-is-layout-28f84493 wp-block-columns-is-layout-flex\" style=\"border-width:1px\">\n<div class=\"wp-block-column is-layout-flow wp-block-column-is-layout-flow\" style=\"flex-basis:50%\">\n<div class=\"wp-block-cover is-light\" style=\"min-height:529px;aspect-ratio:unset;\"><span aria-hidden=\"true\" class=\"wp-block-cover__background has-background-dim-100 has-background-dim has-background-gradient has-cool-to-warm-spectrum-gradient-background\"><\/span><div class=\"wp-block-cover__inner-container is-layout-flow wp-block-cover-is-layout-flow\">\n<figure class=\"wp-block-image aligncenter size-full\"><img decoding=\"async\" src=\"https:\/\/felipeblog.com.br\/wp-content\/uploads\/2023\/12\/IMG_9286.heic\" alt=\"\" class=\"wp-image-139\"\/><\/figure>\n<\/div><\/div>\n<\/div>\n\n\n\n<div class=\"wp-block-column is-vertically-aligned-center is-layout-flow wp-block-column-is-layout-flow\" style=\"padding-top:1em;padding-right:1em;padding-bottom:1em;padding-left:1em\">\n<div class=\"wp-block-columns are-vertically-aligned-center is-layout-flex wp-container-core-columns-is-layout-28f84493 wp-block-columns-is-layout-flex\">\n<div class=\"wp-block-column is-vertically-aligned-center is-layout-flow wp-block-column-is-layout-flow\" style=\"flex-basis:320px\">\n<p>No ver\u00e3o, a capital Santiago tem clima entre 15\u00ba e 35\u00ba, com temperaturas mais baixas no per\u00edodo da noite. Fora do inverno (junho a setembro) quase n\u00e3o h\u00e1 per\u00edodos com chuva na cidade.&nbsp;<\/p>\n\n\n\n<p>Se voc\u00ea est\u00e1 interessado em esportes na neve, como esqui e snowboard, o melhor per\u00edodo para visitar o pa\u00eds \u00e9 durante o inverno. Durante essa \u00e9poca, as montanhas dos Andes ficam cobertas de neve e oferecem as condi\u00e7\u00f5es ideais para a pr\u00e1tica das atividades.<\/p>\n\n\n\n<p>Por outro lado, se a ideia \u00e9 explorar o deserto do Atacama, \u00e9 recomend\u00e1vel visitar o Chile durante a primavera ou o outono (de setembro a dezembro ou de mar\u00e7o a junho). Essas esta\u00e7\u00f5es oferecem temperaturas mais agrad\u00e1veis \u200b\u200bpara explorar as belezas do deserto.<\/p>\n\n\n\n<p>A cada \u00e9poca, o Chile oferece uma experi\u00eancia \u00fanica, desde as paisagens cobertas de neve no inverno at\u00e9 as flores da primavera.&nbsp;<\/p>\n\n\n\n<p><\/p>\n<\/div>\n<\/div>\n<\/div>\n<\/div>\n\n\n\n<div class=\"wp-block-group has-cool-to-warm-spectrum-gradient-background has-background is-layout-constrained wp-container-core-group-is-layout-8a5293b0 wp-block-group-is-layout-constrained\" style=\"padding-top:var(--wp--preset--spacing--80);padding-right:var(--wp--preset--spacing--40);padding-bottom:var(--wp--preset--spacing--80);padding-left:var(--wp--preset--spacing--40)\">\n<div class=\"wp-block-columns are-vertically-aligned-center is-layout-flex wp-container-core-columns-is-layout-28f84493 wp-block-columns-is-layout-flex\">\n<div class=\"wp-block-column is-vertically-aligned-center is-layout-flow wp-block-column-is-layout-flow\" style=\"flex-basis:66.66%\">\n<h1 class=\"wp-block-heading has-text-align-left has-foregound-alt-color has-text-color has-xx-large-font-size\" style=\"font-style:normal;font-weight:500\">Estou com minha familia, o Chile \u00e9 um bom destino?<\/h1>\n\n\n\n<p class=\"has-text-align-left has-text-color\" style=\"color:#d7caea;line-height:1.7\">Atividades culturais e hist\u00f3ricas, boa gastronomia, divers\u00e3o e muita aventura. Santiago, capital do Chile&#8230;<\/p>\n<\/div>\n\n\n\n<div class=\"wp-block-column is-vertically-aligned-center is-layout-flow wp-block-column-is-layout-flow\" style=\"flex-basis:33.33%\">\n<div class=\"wp-block-buttons is-content-justification-right is-layout-flex wp-container-core-buttons-is-layout-938e48ea wp-block-buttons-is-layout-flex\" style=\"margin-top:var(--wp--preset--spacing--60)\">\n<div class=\"wp-block-button is-style-button-hover-secondary-bgcolor\"><a class=\"wp-block-button__link has-heading-color-color has-background-background-color has-text-color has-background wp-element-button\" href=\"https:\/\/felipeblog.com.br\/index.php\/sobreochille\/com-familia-e-um-bom-destino\/\" style=\"padding-top:1.2rem;padding-right:var(--wp--preset--spacing--50);padding-bottom:1.2rem;padding-left:var(--wp--preset--spacing--50)\">Ler Sobre !<\/a><\/div>\n<\/div>\n<\/div>\n<\/div>\n<\/div>\n","protected":false},"excerpt":{"rendered":"<p>Ir para o Chile \u00e9 mergulhar em experi\u00eancias tur\u00edsticas que v\u00e3o desde a pr\u00e1tica de esportes de inverno at\u00e9 a explora\u00e7\u00e3o do deserto mais \u00e1rido do mundo, o Atacama.&nbsp;&#8230;<\/p>\n","protected":false},"author":1,"featured_media":0,"parent":170,"menu_order":0,"comment_status":"closed","ping_status":"closed","template":"","meta":{"_eb_attr":"","footnotes":""},"class_list":["post-404","page","type-page","status-publish","hentry"],"_links":{"self":[{"href":"https:\/\/felipeblog.com.br\/index.php\/wp-json\/wp\/v2\/pages\/404","targetHints":{"allow":["GET"]}}],"collection":[{"href":"https:\/\/felipeblog.com.br\/index.php\/wp-json\/wp\/v2\/pages"}],"about":[{"href":"https:\/\/felipeblog.com.br\/index.php\/wp-json\/wp\/v2\/types\/page"}],"author":[{"embeddable":true,"href":"https:\/\/felipeblog.com.br\/index.php\/wp-json\/wp\/v2\/users\/1"}],"replies":[{"embeddable":true,"href":"https:\/\/felipeblog.com.br\/index.php\/wp-json\/wp\/v2\/comments?post=404"}],"version-history":[{"count":7,"href":"https:\/\/felipeblog.com.br\/index.php\/wp-json\/wp\/v2\/pages\/404\/revisions"}],"predecessor-version":[{"id":454,"href":"https:\/\/felipeblog.com.br\/index.php\/wp-json\/wp\/v2\/pages\/404\/revisions\/454"}],"up":[{"embeddable":true,"href":"https:\/\/felipeblog.com.br\/index.php\/wp-json\/wp\/v2\/pages\/170"}],"wp:attachment":[{"href":"https:\/\/felipeblog.com.br\/index.php\/wp-json\/wp\/v2\/media?parent=404"}],"curies":[{"name":"wp","href":"https:\/\/api.w.org\/{rel}","templated":true}]}}