{"id":412,"date":"2024-01-19T11:01:48","date_gmt":"2024-01-19T14:01:48","guid":{"rendered":"https:\/\/felipeblog.com.br\/?page_id=412"},"modified":"2024-01-19T22:23:15","modified_gmt":"2024-01-20T01:23:15","slug":"com-familia-e-um-bom-destino","status":"publish","type":"page","link":"https:\/\/felipeblog.com.br\/index.php\/sobreochille\/com-familia-e-um-bom-destino\/","title":{"rendered":"Com familia \u00e9 um bom destino?"},"content":{"rendered":"\n<div class=\"wp-block-group alignfull has-luminous-dusk-gradient-background has-background is-layout-flow wp-block-group-is-layout-flow\" style=\"border-width:1px\">\n<div class=\"wp-block-columns alignwide are-vertically-aligned-center is-layout-flex wp-container-core-columns-is-layout-28f84493 wp-block-columns-is-layout-flex\">\n<div class=\"wp-block-column is-layout-flow wp-block-column-is-layout-flow\" style=\"flex-basis:50%\"><\/div>\n\n\n\n<div class=\"wp-block-column is-layout-flow wp-block-column-is-layout-flow\" style=\"flex-basis:50%\">\n<hr class=\"wp-block-separator has-text-color has-css-opacity has-background is-style-wide\" style=\"background-color:#000000;color:#000000\"\/>\n<\/div>\n<\/div>\n\n\n\n<div class=\"wp-block-columns alignwide is-layout-flex wp-container-core-columns-is-layout-28f84493 wp-block-columns-is-layout-flex\">\n<div class=\"wp-block-column is-layout-flow wp-block-column-is-layout-flow\">\n<p class=\"has-text-align-left has-text-color\" style=\"color:#000000;font-size:30px;line-height:1.1\"><strong>O Chile continua sendo um bom destino<\/strong><\/p>\n<\/div>\n\n\n\n<div class=\"wp-block-column is-layout-flow wp-block-column-is-layout-flow\">\n<p class=\"has-text-color has-extra-small-font-size\" style=\"color:#000000\">Com atividades culturais e hist\u00f3ricas, boa gastronomia, divers\u00e3o e muita aventura. Santiago, capital do Chile, re\u00fane caracter\u00edsticas fundamentais para viagens em fam\u00edlia, com op\u00e7\u00f5es para todas as idades. E o melhor: tudo isso com clima ameno, em uma cidade bem estruturada e segura.<\/p>\n<\/div>\n\n\n\n<div class=\"wp-block-column is-layout-flow wp-block-column-is-layout-flow\">\n<p class=\"has-text-color has-extra-small-font-size\" style=\"color:#000000\">Com boa infraestrutura para turismo, existem op\u00e7\u00f5es de tours para lugares incr\u00edveis, passeios e atividades para todos os gostos e or\u00e7amentos. Entre os lugares imperd\u00edveis da cidade est\u00e3o:&nbsp;<\/p>\n<\/div>\n<\/div>\n\n\n\n<div style=\"height:40px\" aria-hidden=\"true\" class=\"wp-block-spacer\"><\/div>\n<\/div>\n\n\n\n<div class=\"wp-block-columns alignfull is-layout-flex wp-container-core-columns-is-layout-28f84493 wp-block-columns-is-layout-flex\" style=\"border-width:1px\">\n<div class=\"wp-block-column is-layout-flow wp-block-column-is-layout-flow\" style=\"flex-basis:50%\">\n<div class=\"wp-block-cover is-light\" style=\"min-height:529px;aspect-ratio:unset;\"><span aria-hidden=\"true\" class=\"wp-block-cover__background has-background-dim-100 has-background-dim has-background-gradient has-cool-to-warm-spectrum-gradient-background\"><\/span><div class=\"wp-block-cover__inner-container is-layout-flow wp-block-cover-is-layout-flow\">\n<figure class=\"wp-block-image aligncenter size-full\"><img decoding=\"async\" src=\"https:\/\/felipeblog.com.br\/wp-content\/uploads\/2023\/12\/IMG_9286.heic\" alt=\"\" class=\"wp-image-139\"\/><\/figure>\n<\/div><\/div>\n<\/div>\n\n\n\n<div class=\"wp-block-column is-vertically-aligned-center is-layout-flow wp-block-column-is-layout-flow\" style=\"padding-top:1em;padding-right:1em;padding-bottom:1em;padding-left:1em\">\n<div class=\"wp-block-columns are-vertically-aligned-center is-layout-flex wp-container-core-columns-is-layout-28f84493 wp-block-columns-is-layout-flex\">\n<div class=\"wp-block-column is-vertically-aligned-center is-layout-flow wp-block-column-is-layout-flow\" style=\"flex-basis:320px\">\n<p><strong>Centro Hist\u00f3rico<\/strong>: na regi\u00e3o central de Santiago, \u00e9 poss\u00edvel conhecer constru\u00e7\u00f5es hist\u00f3ricas, como a Catedral Metropolitana e o Pal\u00e1cio de La Moneda. Tamb\u00e9m \u00e9 interessante visitar museus, como o Museu Nacional de Hist\u00f3ria Natural.<\/p>\n\n\n\n<p><strong>Cerro Santa Lucia:<\/strong>&nbsp;um mirante com vista panor\u00e2mica, o parque hist\u00f3rico possui jardins, escadarias e monumentos que relembram a hist\u00f3ria de Santiago.<\/p>\n\n\n\n<p><strong>Cerro San Crist\u00f3bal:<\/strong>&nbsp;\u00e9 um dos pontos mais altos da cidade e oferece uma vista panor\u00e2mica incr\u00edvel de Santiago. H\u00e1 um telef\u00e9rico que leva at\u00e9 o topo, al\u00e9m de diversas trilhas para caminhada.<\/p>\n\n\n\n<p><strong>Vin\u00edcolas:<\/strong>&nbsp;a regi\u00e3o de Santiago \u00e9 conhecida pelos seus vinhos e h\u00e1 diversas vin\u00edcolas que oferecem visitas guiadas e degusta\u00e7\u00f5es, como a Vin\u00edcola Concha y Toro, Vin\u00edcola Santa Rita, Undarraga e El Principal.<\/p>\n\n\n\n<p><\/p>\n<\/div>\n<\/div>\n<\/div>\n<\/div>\n\n\n\n<div class=\"wp-block-group alignfull has-luminous-dusk-gradient-background has-background is-layout-flow wp-block-group-is-layout-flow\" style=\"border-width:1px\">\n<div class=\"wp-block-columns alignwide are-vertically-aligned-center is-layout-flex wp-container-core-columns-is-layout-28f84493 wp-block-columns-is-layout-flex\">\n<div class=\"wp-block-column is-layout-flow wp-block-column-is-layout-flow\" style=\"flex-basis:50%\">\n<hr class=\"wp-block-separator has-text-color has-css-opacity has-background is-style-wide\" style=\"background-color:#000000;color:#000000\"\/>\n<\/div>\n<\/div>\n\n\n\n<div class=\"wp-block-columns alignwide is-layout-flex wp-container-core-columns-is-layout-28f84493 wp-block-columns-is-layout-flex\">\n<div class=\"wp-block-column is-layout-flow wp-block-column-is-layout-flow\"><\/div>\n\n\n\n<div class=\"wp-block-column is-layout-flow wp-block-column-is-layout-flow\">\n<p class=\"has-text-color has-extra-small-font-size\" style=\"color:#000000\"><strong>Mercado Central:<\/strong>&nbsp;nesse mercado popular \u00e9 poss\u00edvel experimentar pratos t\u00edpicos da culin\u00e1ria chilena, como o famoso ceviche.<\/p>\n\n\n\n<p class=\"has-text-color has-extra-small-font-size\" style=\"color:#000000\"><strong>Parque Bicenten\u00e1rio:<\/strong>&nbsp;\u00e1reas verdes, lagos e playgrounds para crian\u00e7as.<\/p>\n<\/div>\n\n\n\n<div class=\"wp-block-column is-layout-flow wp-block-column-is-layout-flow\">\n<p class=\"has-text-color has-extra-small-font-size\" style=\"color:#000000\"><strong>La Chascona:<\/strong>&nbsp;\u00e9 a casa-museu do poeta chileno Pablo Neruda, que conta com uma cole\u00e7\u00e3o de objetos pessoais e artefatos relacionados ao escritor.&nbsp;<strong>Caminhe pelos bairros:<\/strong>&nbsp;Santiago tem muitos bairros interessantes, que respiram hist\u00f3ria e cultura. Vale uma caminhada pelas ruas do hist\u00f3rico Lastarria, pelo agitado Bellavista e pelo charmoso Providencia.<\/p>\n\n\n\n<p><\/p>\n<\/div>\n\n\n\n<div class=\"wp-block-column is-layout-flow wp-block-column-is-layout-flow\"><\/div>\n<\/div>\n<\/div>\n\n\n\n<div class=\"wp-block-group has-cool-to-warm-spectrum-gradient-background has-background is-layout-constrained wp-container-core-group-is-layout-8a5293b0 wp-block-group-is-layout-constrained\" style=\"padding-top:var(--wp--preset--spacing--80);padding-right:var(--wp--preset--spacing--40);padding-bottom:var(--wp--preset--spacing--80);padding-left:var(--wp--preset--spacing--40)\">\n<div class=\"wp-block-columns are-vertically-aligned-center is-layout-flex wp-container-core-columns-is-layout-28f84493 wp-block-columns-is-layout-flex\">\n<div class=\"wp-block-column is-vertically-aligned-center is-layout-flow wp-block-column-is-layout-flow\" style=\"flex-basis:66.66%\">\n<h1 class=\"wp-block-heading has-text-align-left has-foregound-alt-color has-text-color has-xx-large-font-size\" style=\"font-style:normal;font-weight:500\">SAIBA sobre destinos para conhecer a neve.&nbsp;<\/h1>\n\n\n\n<p class=\"has-text-align-left has-text-color\" style=\"color:#d7caea;line-height:1.7\">S\u00e3o tr\u00eas destinos prontos para quem quer aproveitar a temporada de neve (de junho a setembro) e esportes de inverno no Chile. Cada um desses lugares oferecem experi\u00eancias \u00fanicas\u2026<\/p>\n<\/div>\n\n\n\n<div class=\"wp-block-column is-vertically-aligned-center is-layout-flow wp-block-column-is-layout-flow\" style=\"flex-basis:33.33%\">\n<div class=\"wp-block-buttons is-content-justification-right is-layout-flex wp-container-core-buttons-is-layout-938e48ea wp-block-buttons-is-layout-flex\" style=\"margin-top:var(--wp--preset--spacing--60)\">\n<div class=\"wp-block-button is-style-button-hover-secondary-bgcolor\"><a class=\"wp-block-button__link has-heading-color-color has-background-background-color has-text-color has-background wp-element-button\" href=\"https:\/\/felipeblog.com.br\/index.php\/sobreochille\/destinos-para-conhecer-a-neve\/\" style=\"padding-top:1.2rem;padding-right:var(--wp--preset--spacing--50);padding-bottom:1.2rem;padding-left:var(--wp--preset--spacing--50)\">Ler Sobre !<\/a><\/div>\n<\/div>\n<\/div>\n<\/div>\n<\/div>\n","protected":false},"excerpt":{"rendered":"<p>O Chile continua sendo um bom destino Com atividades culturais e hist\u00f3ricas, boa gastronomia, divers\u00e3o e muita aventura. Santiago, capital do Chile, re\u00fane caracter\u00edsticas fundamentais para viagens em fam\u00edlia,&#8230;<\/p>\n","protected":false},"author":1,"featured_media":0,"parent":170,"menu_order":0,"comment_status":"closed","ping_status":"closed","template":"","meta":{"_eb_attr":"","footnotes":""},"class_list":["post-412","page","type-page","status-publish","hentry"],"_links":{"self":[{"href":"https:\/\/felipeblog.com.br\/index.php\/wp-json\/wp\/v2\/pages\/412","targetHints":{"allow":["GET"]}}],"collection":[{"href":"https:\/\/felipeblog.com.br\/index.php\/wp-json\/wp\/v2\/pages"}],"about":[{"href":"https:\/\/felipeblog.com.br\/index.php\/wp-json\/wp\/v2\/types\/page"}],"author":[{"embeddable":true,"href":"https:\/\/felipeblog.com.br\/index.php\/wp-json\/wp\/v2\/users\/1"}],"replies":[{"embeddable":true,"href":"https:\/\/felipeblog.com.br\/index.php\/wp-json\/wp\/v2\/comments?post=412"}],"version-history":[{"count":5,"href":"https:\/\/felipeblog.com.br\/index.php\/wp-json\/wp\/v2\/pages\/412\/revisions"}],"predecessor-version":[{"id":451,"href":"https:\/\/felipeblog.com.br\/index.php\/wp-json\/wp\/v2\/pages\/412\/revisions\/451"}],"up":[{"embeddable":true,"href":"https:\/\/felipeblog.com.br\/index.php\/wp-json\/wp\/v2\/pages\/170"}],"wp:attachment":[{"href":"https:\/\/felipeblog.com.br\/index.php\/wp-json\/wp\/v2\/media?parent=412"}],"curies":[{"name":"wp","href":"https:\/\/api.w.org\/{rel}","templated":true}]}}